{"id":4100,"date":"2020-08-20T14:31:31","date_gmt":"2020-08-20T12:31:31","guid":{"rendered":"https:\/\/www.alarmautomatika.com\/protivprovala-i-protivprepad\/"},"modified":"2023-11-02T11:30:33","modified_gmt":"2023-11-02T10:30:33","slug":"protivprovala-i-protivprepad","status":"publish","type":"page","link":"https:\/\/www.alarmautomatika.com\/sr\/proizvodi\/protivprovala-i-protivprepad\/","title":{"rendered":"Protivprovala i protivprepad"},"content":{"rendered":"<p>[et_pb_section fb_built=&#8220;1&#8243; _builder_version=&#8220;4.15&#8243; _module_preset=&#8220;default&#8220; background_image=&#8220;https:\/\/www.alarmautomatika.com\/wp-content\/uploads\/2020\/09\/Protuprovala-i-protuprepad.jpg&#8220; background_size=&#8220;initial&#8220; background_position=&#8220;top_center&#8220; global_colors_info=&#8220;{}&#8220;][et_pb_row _builder_version=&#8220;4.15&#8243; _module_preset=&#8220;default&#8220; width=&#8220;95%&#8220; global_colors_info=&#8220;{}&#8220;][et_pb_column type=&#8220;4_4&#8243; _builder_version=&#8220;4.15&#8243; _module_preset=&#8220;default&#8220; global_colors_info=&#8220;{}&#8220;][et_pb_text _builder_version=&#8220;4.15&#8243; _dynamic_attributes=&#8220;content&#8220; _module_preset=&#8220;default&#8220; text_font=&#8220;|600|||||||&#8220; text_text_color=&#8220;#ffffff&#8220; text_font_size=&#8220;48px&#8220; text_line_height=&#8220;1.2em&#8220; custom_padding=&#8220;80px|50px||50px|false|true&#8220; text_font_size_tablet=&#8220;40px&#8220; text_font_size_phone=&#8220;32px&#8220; text_font_size_last_edited=&#8220;on|desktop&#8220; text_line_height_tablet=&#8220;&#8220; text_line_height_phone=&#8220;&#8220; text_line_height_last_edited=&#8220;on|phone&#8220; header_font_tablet=&#8220;&#8220; header_font_phone=&#8220;&#8220; header_font_last_edited=&#8220;on|phone&#8220; header_font_size_tablet=&#8220;&#8220; header_font_size_phone=&#8220;&#8220; header_font_size_last_edited=&#8220;on|phone&#8220; header_line_height_tablet=&#8220;&#8220; header_line_height_phone=&#8220;&#8220; header_line_height_last_edited=&#8220;on|desktop&#8220; global_colors_info=&#8220;{}&#8220;]@ET-DC@eyJkeW5hbWljIjp0cnVlLCJjb250ZW50IjoicG9zdF90aXRsZSIsInNldHRpbmdzIjp7ImJlZm9yZSI6IiIsImFmdGVyIjoiIn19@[\/et_pb_text][\/et_pb_column][\/et_pb_row][et_pb_row column_structure=&#8220;3_4,1_4&#8243; _builder_version=&#8220;4.15&#8243; _module_preset=&#8220;default&#8220; background_color=&#8220;#ffffff&#8220; width=&#8220;95%&#8220; custom_margin=&#8220;20px||||false|false&#8220; custom_margin_tablet=&#8220;10px||||false|false&#8220; custom_margin_phone=&#8220;10px||||false|false&#8220; custom_margin_last_edited=&#8220;on|desktop&#8220; custom_padding=&#8220;50px|50px|50px|50px|true|true&#8220; box_shadow_style=&#8220;preset2&#8243; global_colors_info=&#8220;{}&#8220;][et_pb_column type=&#8220;3_4&#8243; _builder_version=&#8220;4.15&#8243; _module_preset=&#8220;default&#8220; global_colors_info=&#8220;{}&#8220;][et_pb_text _builder_version=&#8220;4.15&#8243; _module_preset=&#8220;default&#8220; link_font=&#8220;|600|||||||&#8220; header_2_text_align=&#8220;left&#8220; header_2_font_size=&#8220;30px&#8220; header_2_line_height=&#8220;1.2em&#8220; header_font_size_tablet=&#8220;48px&#8220; header_font_size_phone=&#8220;&#8220; header_font_size_last_edited=&#8220;on|tablet&#8220; header_2_font_size_tablet=&#8220;&#8220; header_2_font_size_phone=&#8220;25px&#8220; header_2_font_size_last_edited=&#8220;on|phone&#8220; global_colors_info=&#8220;{}&#8220;]<\/p>\n<blockquote>\n<h2>Ajax inteligentni be\u017ei\u010dni sistemi<\/h2>\n<\/blockquote>\n<p>Kao kombinacija vrhunskog dizajna i pouzdanih tehnolo\u0161kim re\u0161enja, <a href=\"https:\/\/www.alarmautomatika.com\/sr\/ajax\/\" target=\"_blank\" rel=\"noopener noreferrer\">Ajax inteligentni be\u017ei\u010dni sistemi<\/a> pru\u017eaju novo iskustvo, kako korisnicima, tako i instalaterima opreme za za\u0161titu. <a href=\"https:\/\/www.alarmautomatika.com\/sr\/ajax\/\" target=\"_blank\" rel=\"noopener noreferrer\">Ajax be\u017ei\u010dni sistemi<\/a> jednostavni su za instalaciju, a pouzdani kao \u017ei\u010dani. Alarm automatika ekskluzivni je zastupnik brenda Ajax u Hrvatskoj, Sloveniji, Bosna i Hercegovini,\u00a0 Ma\u0111arskoj, Bugarskoj, Makedoniji, Srbiji, Albaniji i Crnoj Gori.<\/p>\n<p>[\/et_pb_text][et_pb_button button_url=&#8220;https:\/\/www.alarmautomatika.com\/sr\/ajax\/&#8220; button_text=&#8220;Ajax inteligentni be\u017ei\u010dni sistemi&#8220; button_alignment=&#8220;center&#8220; _builder_version=&#8220;4.15.0&#8243; _module_preset=&#8220;default&#8220; hover_enabled=&#8220;0&#8243; global_colors_info=&#8220;{}&#8220; sticky_enabled=&#8220;0&#8243;][\/et_pb_button][et_pb_text _builder_version=&#8220;4.15.0&#8243; _module_preset=&#8220;default&#8220; hover_enabled=&#8220;0&#8243; global_colors_info=&#8220;{}&#8220; sticky_enabled=&#8220;0&#8243;]<\/p>\n<blockquote>\n<h2>Ajax mobilna aplikacija<\/h2>\n<\/blockquote>\n<p>Donosi veliku novost u svijet alarmnih ure\u0111aja. <a href=\"https:\/\/ajax.systems\/software\/\" target=\"_blank\" rel=\"noopener noreferrer\">Korisnik upravlja Ajax sigurnosnim sustavom jednim klikom<\/a>,\u00a0 a pohrana doga\u0111aja omogu\u0107ava nadzor alarma i aktivnosti za do 50 korisnika. Za instalatere je krajnje jednostavna i omogu\u0107uje instalaciju sustava u 30 minuta.<\/p>\n<blockquote>\n<h2>DSC PowerSeries Neo hibridne alarmne centrale<\/h2>\n<\/blockquote>\n<p>Za aplikacije razli\u010ditih zona dostupne su alarmne centrale hibridne tehnologije za 16, 32, 64 ili 128 zona. Sve su dvosmjerne. Dostupne su i verzije sa implementiranom <strong><a href=\"https:\/\/www.alarmautomatika.com\/en\/dsc-powermanage-powerseries-neo\/\" target=\"_blank\" rel=\"noopener noreferrer\">PowerG tehnologijom<\/a><\/strong> za ve\u0107u pouzdanost be\u017ei\u010dnog prijenosa signala alarma.<\/p>\n<blockquote>\n<h2>DSC PowerSeries Neo detektori<\/h2>\n<\/blockquote>\n<p>Na raspolaganju je \u0161irok raspon detektora za unutarnju i vanjsku detekciju stanja u to\u010dki, i detekciju stanja okoline. Dostupne su izvedbe detektora koje nisu osjetljive na ku\u0107ne ljubimce, koje omogu\u0107uju video verifikaciju, a mogu\u0107a je stropna monta\u017ea te antimasking funkcija.<\/p>\n<blockquote>\n<h2>Upravljanje DSC PowerSeries Neo sustavima<\/h2>\n<\/blockquote>\n<p><strong><a href=\"https:\/\/www.alarmautomatika.com\/en\/dsc-powermanage-powerseries-neo\/\" target=\"_blank\" rel=\"noopener noreferrer\">DSC Neo<\/a><\/strong> protuprovalnim sustavima mo\u017ee se upravljati putem \u017ei\u010danih i be\u017ei\u010dnih LCD ili touch screen tipkovnica.\u00a0 <a href=\"https:\/\/www.alarmautomatika.com\/en\/dsc-powermanage-powerseries-neo\/\"><strong>DSC Neo\u00a0<\/strong><\/a> mo\u017ee funkcionirati i kao protuprepadni sustav upotrebom panik tipkala.<\/p>\n<blockquote>\n<h2>Univerzalni protuprovalni periferni ure\u0111aji<\/h2>\n<\/blockquote>\n<p>Dostupan je \u0161irok izbor protuprovalnih perifernih ure\u0111aja raznih proizvo\u0111a\u010da kao \u0161to su <a href=\"https:\/\/www.alarmautomatika.com\/en\/dsc-powermanage-powerseries-neo\/\"><strong>DSC<\/strong><\/a>, S-Link, Inim, Menvier, AMC, Politec, Belt, Bentel i Enigma.<\/p>\n<p>[\/et_pb_text][\/et_pb_column][et_pb_column type=&#8220;1_4&#8243; _builder_version=&#8220;4.15&#8243; _module_preset=&#8220;default&#8220; custom_padding_tablet=&#8220;&#8220; custom_padding_phone=&#8220;&#8220; custom_padding_last_edited=&#8220;on|phone&#8220; global_colors_info=&#8220;{}&#8220;][et_pb_image src=&#8220;https:\/\/www.alarmautomatika.com\/wp-content\/uploads\/2020\/10\/idea-classic-logo-home-banner.png&#8220; alt=&#8220;iDEA Classic&#8220; title_text=&#8220;iDEA Classic&#8220; align=&#8220;center&#8220; _builder_version=&#8220;4.15&#8243; _module_preset=&#8220;default&#8220; global_colors_info=&#8220;{}&#8220;][\/et_pb_image][et_pb_accordion module_class=&#8220;idea-value-propositions&#8220; _builder_version=&#8220;4.9.0&#8243; _module_preset=&#8220;default&#8220; global_module=&#8220;8295&#8243; global_colors_info=&#8220;{}&#8220;][et_pb_accordion_item title=&#8220;Blank&#8220; open=&#8220;on&#8220; _builder_version=&#8220;4.15&#8243; _module_preset=&#8220;default&#8220; custom_css_main_element=&#8220;display:none;&#8220; global_colors_info=&#8220;{}&#8220;][\/et_pb_accordion_item][et_pb_accordion_item title=&#8220;Klijenti&#8220; _builder_version=&#8220;4.15&#8243; _module_preset=&#8220;default&#8220; global_colors_info=&#8220;{}&#8220; open=&#8220;off&#8220;]<\/p>\n<p><a href=\"https:\/\/www.alarmautomatika.com\/sr\/klijenti\/instalateri-tehnicke-zastite\/\">Instalateri tehni\u010dke za\u0161tite<\/a><\/p>\n<p><a href=\"https:\/\/www.alarmautomatika.com\/sr\/klijenti\/dojavni-centri\/\">Dojavni centri<\/a><\/p>\n<p><a href=\"https:\/\/www.alarmautomatika.com\/sr\/klijenti\/elektricari\/\">Elektri\u010dari<\/a><\/p>\n<p><a href=\"https:\/\/www.alarmautomatika.com\/sr\/klijenti\/trgovine-elektromaterijalom-i-it-opremom-internet-trgovine\/\">Trgovine elektromaterijalom i IT opremom, internet trgovine<\/a><\/p>\n<p>[\/et_pb_accordion_item][et_pb_accordion_item title=&#8220;Proizvodi&#8220; _builder_version=&#8220;4.15&#8243; _module_preset=&#8220;default&#8220; global_colors_info=&#8220;{}&#8220; open=&#8220;off&#8220;]<\/p>\n<p><a href=\"https:\/\/www.alarmautomatika.com\/sr\/proizvodi\/videonadzor\/\">Videonadzor<\/a><\/p>\n<p><a href=\"https:\/\/www.alarmautomatika.com\/sr\/proizvodi\/protivprovala-i-protivprepad\/\">Protuprovala i protuprepad<\/a><\/p>\n<p><a href=\"https:\/\/www.alarmautomatika.com\/sr\/proizvodi\/videointerfoni\/\">Videointerfoni<\/a><\/p>\n<p><a href=\"https:\/\/www.alarmautomatika.com\/sr\/proizvodi\/kontrola-pristupa-i-evidencija-radnog-vremena\/\">Kontrola pristupa i evidencija radnog vremena<\/a><\/p>\n<p><a href=\"https:\/\/www.alarmautomatika.com\/sr\/proizvodi\/audio-resenja\/\">Audio rje\u0161enja<\/a><\/p>\n<p><a href=\"https:\/\/www.alarmautomatika.com\/proizvodi\/automatske-rampe-i-vrata\/\">Automatske rampe i vrata<\/a><\/p>\n<p><a href=\"https:\/\/www.alarmautomatika.com\/sr\/proizvodi\/oprema-za-dojavne-centre\/\">Oprema za dojavne centre<\/a><\/p>\n<p><a href=\"https:\/\/www.alarmautomatika.com\/sr\/proizvodi\/dojava-pozara-i-plina\/\">Dojava po\u017eara i plina<\/a><\/p>\n<p>[\/et_pb_accordion_item][et_pb_accordion_item title=&#8220;Softveri&#8220; _builder_version=&#8220;4.15&#8243; _module_preset=&#8220;default&#8220; global_colors_info=&#8220;{}&#8220; open=&#8220;off&#8220;]<\/p>\n<p><a href=\"https:\/\/www.alarmautomatika.com\/sr\/softveri\/prijem-i-obrada-alarma\/\">Prijem i obrada signala alarma<\/a><\/p>\n<p>[\/et_pb_accordion_item][et_pb_accordion_item title=&#8220;Usluge&#8220; _builder_version=&#8220;4.15&#8243; _module_preset=&#8220;default&#8220; global_colors_info=&#8220;{}&#8220; open=&#8220;off&#8220;]<\/p>\n<p><a href=\"https:\/\/www.alarmautomatika.com\/sr\/usluge\/sve-na-jednom-mestu\/#prodajna-i-tehnicka-podrska\" data-et-has-event-already=\"true\">Prodajna i tehni\u010dka podr\u0161ka<\/a><\/p>\n<p><a href=\"https:\/\/www.alarmautomatika.com\/sr\/usluge\/sve-na-jednom-mestu\/#oprema-na-skladistu\" data-et-has-event-already=\"true\">Oprema na skladi\u0161tu<\/a><\/p>\n<p><a href=\"https:\/\/www.alarmautomatika.com\/sr\/usluge\/sve-na-jednom-mestu\/#edukacija-instalatera\" data-et-has-event-already=\"true\">Edukacija instalatera<\/a><\/p>\n<p><a href=\"https:\/\/www.alarmautomatika.com\/sr\/usluge\/sve-na-jednom-mestu\/#b2b-online-platforma\" data-et-has-event-already=\"true\">B2B online platforma<\/a><\/p>\n<p><a href=\"https:\/\/www.alarmautomatika.com\/sr\/usluge\/sve-na-jednom-mestu\/#servis\" data-et-has-event-already=\"true\">Servis<\/a><\/p>\n<p><a href=\"https:\/\/www.alarmautomatika.com\/sr\/usluge\/sve-na-jednom-mestu\/#idea-classic-katalog\" data-et-has-event-already=\"true\">iDEA Classic katalog<\/a><\/p>\n<p>[\/et_pb_accordion_item][et_pb_accordion_item title=&#8220;Platforma&#8220; _builder_version=&#8220;4.15&#8243; _module_preset=&#8220;default&#8220; global_colors_info=&#8220;{}&#8220; open=&#8220;off&#8220;]<\/p>\n<p><a href=\"https:\/\/www.alarmautomatika.com\/sr\/platforma\/#b2b-platforma\" data-et-has-event-already=\"true\">Jedinstvena B2B platforma koja \u0161tedi vrijeme<\/a><\/p>\n<p>[\/et_pb_accordion_item][\/et_pb_accordion][\/et_pb_column][\/et_pb_row][\/et_pb_section]<\/p>\n","protected":false},"excerpt":{"rendered":"<p>Ajax inteligentni be\u017ei\u010dni sistemi Kao kombinacija vrhunskog dizajna i pouzdanih tehnolo\u0161kim re\u0161enja, Ajax inteligentni be\u017ei\u010dni sistemi pru\u017eaju novo iskustvo, kako korisnicima, tako i instalaterima opreme za za\u0161titu. Ajax be\u017ei\u010dni sistemi jednostavni su za instalaciju, a pouzdani kao \u017ei\u010dani. Alarm automatika ekskluzivni je zastupnik brenda Ajax u Hrvatskoj, Sloveniji, Bosna i Hercegovini,\u00a0 Ma\u0111arskoj, Bugarskoj, Makedoniji, Srbiji, [&hellip;]<\/p>\n","protected":false},"author":15,"featured_media":0,"parent":4717,"menu_order":0,"comment_status":"closed","ping_status":"closed","template":"","meta":{"_et_pb_use_builder":"on","_et_pb_old_content":"","_et_gb_content_width":"","footnotes":""},"class_list":["post-4100","page","type-page","status-publish","hentry"],"_links":{"self":[{"href":"https:\/\/www.alarmautomatika.com\/sr\/wp-json\/wp\/v2\/pages\/4100","targetHints":{"allow":["GET"]}}],"collection":[{"href":"https:\/\/www.alarmautomatika.com\/sr\/wp-json\/wp\/v2\/pages"}],"about":[{"href":"https:\/\/www.alarmautomatika.com\/sr\/wp-json\/wp\/v2\/types\/page"}],"author":[{"embeddable":true,"href":"https:\/\/www.alarmautomatika.com\/sr\/wp-json\/wp\/v2\/users\/15"}],"replies":[{"embeddable":true,"href":"https:\/\/www.alarmautomatika.com\/sr\/wp-json\/wp\/v2\/comments?post=4100"}],"version-history":[{"count":1,"href":"https:\/\/www.alarmautomatika.com\/sr\/wp-json\/wp\/v2\/pages\/4100\/revisions"}],"predecessor-version":[{"id":48723,"href":"https:\/\/www.alarmautomatika.com\/sr\/wp-json\/wp\/v2\/pages\/4100\/revisions\/48723"}],"up":[{"embeddable":true,"href":"https:\/\/www.alarmautomatika.com\/sr\/wp-json\/wp\/v2\/pages\/4717"}],"wp:attachment":[{"href":"https:\/\/www.alarmautomatika.com\/sr\/wp-json\/wp\/v2\/media?parent=4100"}],"curies":[{"name":"wp","href":"https:\/\/api.w.org\/{rel}","templated":true}]}}