{"id":43632,"date":"2022-02-11T12:10:57","date_gmt":"2022-02-11T11:10:57","guid":{"rendered":"https:\/\/www.alarmautomatika.com\/sos-sistemi-za-poziv-u-nuzdi\/"},"modified":"2023-07-10T11:30:57","modified_gmt":"2023-07-10T09:30:57","slug":"sos-sistemi-za-poziv-u-nuzdi","status":"publish","type":"page","link":"https:\/\/www.alarmautomatika.com\/sr\/sos-sistemi-za-poziv-u-nuzdi\/","title":{"rendered":"SOS sistemi za poziv u nu\u017edi"},"content":{"rendered":"<p>[et_pb_section fb_built=&#8220;1&#8243; _builder_version=&#8220;4.14.7&#8243; _module_preset=&#8220;default&#8220; global_colors_info=&#8220;{}&#8220;][et_pb_row _builder_version=&#8220;4.14.7&#8243; _module_preset=&#8220;default&#8220; vertical_offset=&#8220;-70px&#8220; global_colors_info=&#8220;{}&#8220;][et_pb_column type=&#8220;4_4&#8243; _builder_version=&#8220;4.14.7&#8243; _module_preset=&#8220;default&#8220; global_colors_info=&#8220;{}&#8220;][et_pb_text _builder_version=&#8220;4.14.7&#8243; _module_preset=&#8220;default&#8220; global_colors_info=&#8220;{}&#8220;]<\/p>\n<blockquote>\n<h1>SOS sistemi za poziv u nu\u017edi<\/h1>\n<\/blockquote>\n<p>[\/et_pb_text][et_pb_text _builder_version=&#8220;4.14.7&#8243; _module_preset=&#8220;default&#8220; global_colors_info=&#8220;{}&#8220;]<\/p>\n<p><em>SOS sistemi omogu\u0107uju da korisnici, \u0161ti\u0107enici ili posetioci razli\u010ditih objekata mogu da pozovu pomo\u0107 kada im je potrebna. Uglavnom se koriste u bolnicama, <\/em><a href=\"https:\/\/drive.google.com\/file\/d\/1L6FvhYvwjNNBB0YBMsQrgf6t6-GVDtzV\/view\" target=\"_blank\" rel=\"noopener\"><em>domovima za starije<\/em><\/a><em>, zatvorima, hotelima i ostalim javnim objektima, na primer u toaletima za invalide. <\/em><\/p>\n<p><em>Savremeni IP bazirani SOS sistemi omogu\u0107uju mnogo vi\u0161e od klasi\u010dnih, a za njihovu punu funkcionalnost od presudne je va\u017enosti odabrati opremu koja omogu\u0107uje fleksibilnost u prilago\u0111avanju potrebama poslovanja, jednostavno kori\u0161\u0107enje i upravljanje kao i uskla\u0111enu sa va\u017ee\u0107im normama.<\/em><\/p>\n<p>[\/et_pb_text][et_pb_image src=&#8220;https:\/\/www.alarmautomatika.com\/wp-content\/uploads\/2022\/02\/22021_SOS_e-flyer_banner.jpg&#8220; _builder_version=&#8220;4.14.7&#8243; _module_preset=&#8220;default&#8220; global_colors_info=&#8220;{}&#8220;][\/et_pb_image][\/et_pb_column][\/et_pb_row][et_pb_row column_structure=&#8220;1_4,1_4,1_4,1_4&#8243; use_custom_gutter=&#8220;on&#8220; gutter_width=&#8220;2&#8243; _builder_version=&#8220;4.14.7&#8243; _module_preset=&#8220;default&#8220; vertical_offset=&#8220;-70px&#8220; global_colors_info=&#8220;{}&#8220;][et_pb_column type=&#8220;1_4&#8243; _builder_version=&#8220;4.14.7&#8243; _module_preset=&#8220;default&#8220; global_colors_info=&#8220;{}&#8220;][et_pb_button button_url=&#8220;#prednosti&#8220; url_new_window=&#8220;on&#8220; button_text=&#8220;Prednosti IP SOS sistema&#8220; button_alignment=&#8220;center&#8220; disabled_on=&#8220;off|off|off&#8220; _builder_version=&#8220;4.14.7&#8243; _module_preset=&#8220;default&#8220; custom_button=&#8220;on&#8220; button_text_size=&#8220;16px&#8220; button_font=&#8220;|600|||||||&#8220; button_use_icon=&#8220;off&#8220; custom_padding=&#8220;12px|53px|12px|53px|true|true&#8220; hover_enabled=&#8220;0&#8243; global_colors_info=&#8220;{}&#8220; sticky_enabled=&#8220;0&#8243;][\/et_pb_button][\/et_pb_column][et_pb_column type=&#8220;1_4&#8243; _builder_version=&#8220;4.14.7&#8243; _module_preset=&#8220;default&#8220; global_colors_info=&#8220;{}&#8220;][et_pb_button button_url=&#8220;#elementi_sos&#8220; url_new_window=&#8220;on&#8220; button_text=&#8220;Elementi IP SOS sistema&#8220; button_alignment=&#8220;center&#8220; disabled_on=&#8220;off|off|off&#8220; _builder_version=&#8220;4.14.7&#8243; _module_preset=&#8220;default&#8220; custom_button=&#8220;on&#8220; button_text_size=&#8220;16px&#8220; button_font=&#8220;|600|||||||&#8220; button_use_icon=&#8220;off&#8220; custom_padding=&#8220;14px|53px|14px|53px|true|true&#8220; global_colors_info=&#8220;{}&#8220;][\/et_pb_button][\/et_pb_column][et_pb_column type=&#8220;1_4&#8243; _builder_version=&#8220;4.14.7&#8243; _module_preset=&#8220;default&#8220; global_colors_info=&#8220;{}&#8220;][et_pb_button button_url=&#8220;#integracija_sustava&#8220; url_new_window=&#8220;on&#8220; button_text=&#8220;Integracija SOS sistema\t&#8220; button_alignment=&#8220;center&#8220; disabled_on=&#8220;off|off|off&#8220; _builder_version=&#8220;4.14.7&#8243; _module_preset=&#8220;default&#8220; custom_button=&#8220;on&#8220; button_text_size=&#8220;16px&#8220; button_font=&#8220;|600|||||||&#8220; button_use_icon=&#8220;off&#8220; custom_padding=&#8220;14px|53px|14px|53px|true|true&#8220; global_colors_info=&#8220;{}&#8220;][\/et_pb_button][\/et_pb_column][et_pb_column type=&#8220;1_4&#8243; _builder_version=&#8220;4.14.7&#8243; _module_preset=&#8220;default&#8220; global_colors_info=&#8220;{}&#8220;][et_pb_button button_url=&#8220;#projektiranje_sos_sustava&#8220; url_new_window=&#8220;on&#8220; button_text=&#8220;Projektovanje SOS sistema&#8220; button_alignment=&#8220;center&#8220; disabled_on=&#8220;off|off|off&#8220; admin_label=&#8220;Button&#8220; _builder_version=&#8220;4.14.7&#8243; _module_preset=&#8220;default&#8220; custom_button=&#8220;on&#8220; button_text_size=&#8220;16px&#8220; button_font=&#8220;|600|||||||&#8220; button_use_icon=&#8220;off&#8220; custom_padding=&#8220;14px|53px|14px|53px|true|true&#8220; global_colors_info=&#8220;{}&#8220;][\/et_pb_button][\/et_pb_column][\/et_pb_row][et_pb_row _builder_version=&#8220;4.14.7&#8243; _module_preset=&#8220;default&#8220; vertical_offset=&#8220;-70px&#8220; global_colors_info=&#8220;{}&#8220;][et_pb_column type=&#8220;4_4&#8243; _builder_version=&#8220;4.14.7&#8243; _module_preset=&#8220;default&#8220; global_colors_info=&#8220;{}&#8220;][et_pb_text _builder_version=&#8220;4.14.7&#8243; _module_preset=&#8220;default&#8220; global_colors_info=&#8220;{}&#8220;]<\/p>\n<blockquote>\n<h2 id=prednosti>Prednosti IP baziranih SOS sistema<\/h2>\n<\/blockquote>\n<p>[\/et_pb_text][et_pb_text _builder_version=&#8220;4.14.7&#8243; _module_preset=&#8220;default&#8220; global_colors_info=&#8220;{}&#8220;]<\/p>\n<p>IP bazirani SOS sistemi imaju mnogobrojne prednosti u odnosu na klasi\u010dne i sa aspekta ustanova koje ih \u017eele ili moraju imati i sa aspekta korisnika njihovih usluga (\u0161ti\u0107enika, pacijenata, posetilaca). Ve\u0107 pri investiciji su isplativiji jer je mogu\u0107e iskoristiti postoje\u0107e sisteme, bilo kori\u0161\u0107enjem postoje\u0107ih konvencionalnih pozivnih ta\u010daka, ili preuzimanjem starog o\u017ei\u010denja objekta putem BUS sistema (most prema IP\/TCP). Fleksibilniji su i u smislu neograni\u010dene mogu\u0107nosti pro\u0161irenja i daljinskog upravljanja pa se mogu integrisati sa ostalim sistemima na objektu. Budu\u0107i da se SOS pozivi osim putem ra\u010dunara u de\u017eurnoj sobi mogu primiti i putem mobilnog telefona, omogu\u0107uju osoblju da se bave svojim redovnim poslom da korisnici ne bi bili u neizvesnosti da li neko zna da im treba pomo\u0107.\u00a0<\/p>\n<p>[\/et_pb_text][\/et_pb_column][\/et_pb_row][et_pb_row column_structure=&#8220;1_2,1_2&#8243; _builder_version=&#8220;4.14.7&#8243; _module_preset=&#8220;default&#8220; vertical_offset=&#8220;-70px&#8220; global_colors_info=&#8220;{}&#8220;][et_pb_column type=&#8220;1_2&#8243; _builder_version=&#8220;4.14.7&#8243; _module_preset=&#8220;default&#8220; global_colors_info=&#8220;{}&#8220;][et_pb_text _builder_version=&#8220;4.14.7&#8243; _module_preset=&#8220;default&#8220; global_colors_info=&#8220;{}&#8220;]<\/p>\n<ul>\n<li>Mogu\u0107nost kori\u0161\u0107enja o\u017ei\u010denja postoje\u0107eg klasi\u010dnog SOS sistema<\/li>\n<li>Neograni\u010dena mogu\u0107nost pro\u0161irenja sistema<\/li>\n<li>Daljinsko upravljanje<\/li>\n<li>Desktop i mobilna aplikacija za primanje poziva i komunikaciju sa osobama u potrebi \u2013 osoblje \u0107e primiti poziv u pomo\u0107 i tijekom obavljanja redovnih du\u017enosti, ne isklju\u010divo u de\u017eurnoj sobi<\/li>\n<li>Dvosmjerna glasovna komunikacija osoblja i osobe koja je uputila SOS poziv<\/li>\n<\/ul>\n<p>[\/et_pb_text][\/et_pb_column][et_pb_column type=&#8220;1_2&#8243; _builder_version=&#8220;4.14.7&#8243; _module_preset=&#8220;default&#8220; global_colors_info=&#8220;{}&#8220;][et_pb_text _builder_version=&#8220;4.14.7&#8243; _module_preset=&#8220;default&#8220; global_colors_info=&#8220;{}&#8220;]<\/p>\n<ul>\n<li>Pra\u0107enje kretanja osoba sa SOS narukvicom po objektu i spolja\u0161njim prostorima, pozicija vidljiva na tlocrtu<\/li>\n<li>Provera plana nege ili le\u010denja svakog korisnika<\/li>\n<li>Unos podataka o obavljenim merenjima (te\u017eina, krvni pritisak, temperatura), terapiji i zapa\u017eanjima (pojeo obrok)<\/li>\n<li>Automatsko snimanje svih aktivnosti u digitalnu arhivu doga\u0111aja (poziv u pomo\u0107, pru\u017eena pomo\u0107, merenja \u0161ti\u0107enika, posete). Mogu\u0107nost pregleda, izvoza i analize zapisa.<\/li>\n<li>Identifikacija osobe koja je pru\u017eila pomo\u0107 putem ID kartice i \u010dita\u010da<\/li>\n<\/ul>\n<p>[\/et_pb_text][\/et_pb_column][\/et_pb_row][et_pb_row _builder_version=&#8220;4.14.7&#8243; _module_preset=&#8220;default&#8220; global_colors_info=&#8220;{}&#8220;][et_pb_column type=&#8220;4_4&#8243; _builder_version=&#8220;4.14.7&#8243; _module_preset=&#8220;default&#8220; global_colors_info=&#8220;{}&#8220;][et_pb_video src=&#8220;https:\/\/youtu.be\/oRjBAeCZbHk&#8220; _builder_version=&#8220;4.14.7&#8243; _module_preset=&#8220;default&#8220; global_colors_info=&#8220;{}&#8220;][\/et_pb_video][et_pb_text _builder_version=&#8220;4.14.7&#8243; _module_preset=&#8220;default&#8220; global_colors_info=&#8220;{}&#8220;]<\/p>\n<blockquote>\n<h1 id=\"elementi_sos\">Elementi SOS sistema<\/h1>\n<\/blockquote>\n<p>[\/et_pb_text][et_pb_text _builder_version=&#8220;4.14.7&#8243; _module_preset=&#8220;default&#8220; global_colors_info=&#8220;{}&#8220;]<\/p>\n<blockquote>\n<h3>Centralne jedinice<\/h3>\n<\/blockquote>\n<p>[\/et_pb_text][et_pb_text _builder_version=&#8220;4.14.7&#8243; _module_preset=&#8220;default&#8220; global_colors_info=&#8220;{}&#8220;]<\/p>\n<p>Omogu\u0107uju prijem, obradu i snimanje poziva ostvarenog putem neke od pozivnih jedinica. Raspon iCall centralnih jedinica dopu\u0161ta visok nivo fleksibilnosti, kako u kori\u0161\u0107enju, tako i u izvo\u0111enju sistema (visoka fleksibilnost integracije). Kori\u0161\u0107enje SIP protokola, pru\u017ea nebrojene mogu\u0107nosti u komunikaciji unutar, i izvan objekta (integracija sa VoIP telefonijom, interfonijom i sli\u010dno).<\/p>\n<p>[\/et_pb_text][et_pb_text _builder_version=&#8220;4.14.7&#8243; _module_preset=&#8220;default&#8220; global_colors_info=&#8220;{}&#8220;]<\/p>\n<blockquote>\n<h3>Fiksne i mobilne pozivne jedinice<\/h3>\n<\/blockquote>\n<p>[\/et_pb_text][et_pb_text _builder_version=&#8220;4.14.7&#8243; _module_preset=&#8220;default&#8220; global_colors_info=&#8220;{}&#8220;]<\/p>\n<p>Pozivne iCall jedinice su dostupne u vi\u0161e opcija, od onih koji omogu\u0107uju telefoniranje, upravljanje rasvetom i multimedijom, do onih koji reaguju na glas za osobe koje ne mogu pritisnuti taster. Razli\u010dite izvedbe omogu\u0107uju da se iskoristi postoje\u0107e ili neadekvatno o\u017ei\u010denje \u0161to omogu\u0107uje jednostavnu nadogradnju i osavremenjivanje starih sistema. Sve jedinice su potpuno programabilne.<\/p>\n<p>Poziv u pomo\u0107 se mo\u017ee uputiti i putem SOS narukvica koje, putem precizne geolokacijske tehnologije, omogu\u0107uju pra\u0107enje polo\u017eaja \u0161ti\u0107enika u svakom trenutku.<\/p>\n<p> [\/et_pb_text][et_pb_text _builder_version=&#8220;4.14.7&#8243; _module_preset=&#8220;default&#8220; global_colors_info=&#8220;{}&#8220;]<\/p>\n<blockquote>\n<h3>Signalizacijska oprema<\/h3>\n<\/blockquote>\n<p>[\/et_pb_text][et_pb_text _builder_version=&#8220;4.14.7&#8243; _module_preset=&#8220;default&#8220; global_colors_info=&#8220;{}&#8220;]<\/p>\n<p>Signalizacijskom opremom su obuhva\u0107ene razli\u010dite izvedbe opto-akusti\u010dnih signalizatora za lociranje mikrolokacije poziva (sobe), sobnih terminala sa ponavljanjem poziva kao i hodni\u010dkih ekrana za velike objekte (bolni\u010dki hodnici). Oprema je tako\u0111e potpuno programabilna.<\/p>\n<p>[\/et_pb_text][et_pb_text _builder_version=&#8220;4.14.7&#8243; _module_preset=&#8220;default&#8220; global_colors_info=&#8220;{}&#8220;]<\/p>\n<blockquote>\n<h3>Softver za prijem i obradu SOS poziva<\/h3>\n<\/blockquote>\n<p>[\/et_pb_text][et_pb_text _builder_version=&#8220;4.14.7&#8243; _module_preset=&#8220;default&#8220; global_colors_info=&#8220;{}&#8220;]<\/p>\n<p>IndigoCare proizvodi se u IP \u201esvet\u201c integri\u0161u putem Netrix platforme bilo putem ra\u010dunara ili pametnih mobilnih telefona. Integracija glasovnih funkcija putem SIP protokola omogu\u0107uje nebrojene komunikacijske mogu\u0107nosti unutar ili van objekta. Razli\u010diti programski paketi omogu\u0107uju dodatne funkcije sistema, kao \u0161to su pra\u0107enje zdravstvenog stanja, podaci o osoblju, rasporedi, evakuacijski moduli i sli\u010dno.<\/p>\n<p>[\/et_pb_text][et_pb_text _builder_version=&#8220;4.14.7&#8243; _module_preset=&#8220;default&#8220; global_colors_info=&#8220;{}&#8220;]<\/p>\n<blockquote>\n<h3>Dodatna oprema<\/h3>\n<\/blockquote>\n<p>[\/et_pb_text][et_pb_text _builder_version=&#8220;4.14.7&#8243; _module_preset=&#8220;default&#8220; global_colors_info=&#8220;{}&#8220;]<\/p>\n<p>Dostupni su razni mre\u017eni switchevi (PoE ili klasi\u010dni). Za nesmetan rad sistema u slu\u010dajevima nestanka energije, sistem moramo tretirati kao safety, kao i mu prilikom projektovanja treba osigurati dovoljnu autonomiju napajanja.<\/p>\n<p>[\/et_pb_text][et_pb_image src=&#8220;https:\/\/www.alarmautomatika.com\/wp-content\/uploads\/2022\/02\/iCall-Netrix_DWG.jpg&#8220; align=&#8220;center&#8220; _builder_version=&#8220;4.14.7&#8243; _module_preset=&#8220;default&#8220; global_colors_info=&#8220;{}&#8220;][\/et_pb_image][\/et_pb_column][\/et_pb_row][et_pb_row _builder_version=&#8220;4.14.7&#8243; _module_preset=&#8220;default&#8220; global_colors_info=&#8220;{}&#8220;][et_pb_column type=&#8220;4_4&#8243; _builder_version=&#8220;4.14.7&#8243; _module_preset=&#8220;default&#8220; global_colors_info=&#8220;{}&#8220;][et_pb_text _builder_version=&#8220;4.14.7&#8243; _module_preset=&#8220;default&#8220; global_colors_info=&#8220;{}&#8220;]<\/p>\n<blockquote>\n<h2 id=integracija_sustava>Integracija SOS sistema sa ostalim sistemima u objektu<\/h2>\n<\/blockquote>\n<p>[\/et_pb_text][et_pb_text _builder_version=&#8220;4.14.7&#8243; _module_preset=&#8220;default&#8220; global_colors_info=&#8220;{}&#8220;]<\/p>\n<p>IP SOS sistemi se mogu integrisati sa ostalim sistemima na objektu (videonadzor, kontrola pristupa, BMS). Zbog bezbednosti korisnika, posebno je va\u017ena mogu\u0107nost integracije sa sistemom dojave po\u017eara i na njega vezanim sistemima koji omogu\u0107uju sigurnu i brzu evakuaciju (evakuacijski razglas, panik rasveta, odvo\u0111enje dima i toplote). Mogu\u0107a je i integracija putem u Alarm automatici razvijenog softvera za integraciju <a href=\"https:\/\/www.alarmautomatika.com\/sr\/softveri\/nadzor-i-upravljanje-zastitnim-sistemima\/\">ABSistemDCi<\/a>.<\/p>\n<p>[\/et_pb_text][et_pb_text _builder_version=&#8220;4.14.7&#8243; _module_preset=&#8220;default&#8220; global_colors_info=&#8220;{}&#8220;]<\/p>\n<blockquote>\n<h2 id=projektiranje_sos_sustava>Projektovanje SOS sistema<\/h2>\n<\/blockquote>\n<p>[\/et_pb_text][et_pb_text _builder_version=&#8220;4.14.7&#8243; _module_preset=&#8220;default&#8220; global_colors_info=&#8220;{}&#8220;]<\/p>\n<p><a href=\"https:\/\/www.alarmautomatika.com\/sr\/usluge\/strucne-usluge-za-slozene-projekte\/#projektiranje\">Projektovanje<\/a> je klju\u010dna faza pune funkcionalnosti SOS sistema i posao koji je potrebno poveriti ovla\u0161\u0107enim osobama. Time se izbegavaju razli\u010dite improvizacije, na primer kori\u0161\u0107enje protivprovale ili dojave po\u017eara za SOS pozive, situacije u kojima je onemogu\u0107eno kori\u0161\u0107enje opreme razli\u010ditih proizvo\u0111a\u010da i situacije u kojima je potrebno u\u010destalo odr\u017eavanje \u0161to investiciju u sistem \u010dini skupom. Pri odabiru opreme treba voditi ra\u010duna o njenoj uskla\u0111enosti sa pozitivnim normama koje su prihva\u0107ene u zemljama Europske unije (VDE 834, BS8300) kojima se propisuje kvalitet SOS sistema i opreme za pojedine namene, na primer za domove za starije i nemo\u0107ne osobe ili bolnice.<\/p>\n<p>Kvalitetno projektovan i izveden sistem, uz pa\u017eljivu integraciju temeljenu na zahtevima korisnika u fazi projektovanja, mo\u017ee imati ulogu &#8216;multiplikatora&#8217; osoblja i pove\u0107ati u\u010dinkovitost. To je posebno va\u017eno u vreme epidemije i nedostatka \u0161kolovane radne snage. Istovremeno, korisnicima je osigurana ve\u0107a udobnost i mir jer znaju da je pomo\u0107 tu kada im treba.<\/p>\n<p>[\/et_pb_text][et_pb_text _builder_version=&#8220;4.14.7&#8243; _module_preset=&#8220;default&#8220; global_colors_info=&#8220;{}&#8220;]<\/p>\n<blockquote>\n<h3>Indigo Care<\/h3>\n<\/blockquote>\n<p>[\/et_pb_text][et_pb_text _builder_version=&#8220;4.14.7&#8243; _module_preset=&#8220;default&#8220; global_colors_info=&#8220;{}&#8220;]<\/p>\n<p><img loading=\"lazy\" decoding=\"async\" class=\"wp-image-29955  alignleft\" src=\"https:\/\/www.alarmautomatika.com\/wp-content\/uploads\/2022\/02\/Indigocare_logo-300x100.jpg\" alt=\"\" width=\"177\" height=\"59\" \/><\/p>\n<p>Belgijska kompanija <a href=\"https:\/\/www.indigocare.com\/\" target=\"_blank\" rel=\"noopener\">IndigoCare<\/a>, dio Essec Grupe, posluje od 1977. godine i prva je u svetu proizvela u potpunosti IP baziran SOS sistem danas poznat kao iCall. U svetu su jedan od najve\u0107ih sistem integratora re\u0161enja poziva u nu\u017edi, obave\u0161tavanja i telekomunikacije. Kompanija posluje u 48 zemalja i zapo\u0161ljava vi\u0161e od 130 ljudi.<\/p>\n<p>[\/et_pb_text][\/et_pb_column][\/et_pb_row][\/et_pb_section]<\/p>\n","protected":false},"excerpt":{"rendered":"<p>SOS sistemi za poziv u nu\u017edi SOS sistemi omogu\u0107uju da korisnici, \u0161ti\u0107enici ili posetioci razli\u010ditih objekata mogu da pozovu pomo\u0107 kada im je potrebna. Uglavnom se koriste u bolnicama, domovima za starije, zatvorima, hotelima i ostalim javnim objektima, na primer u toaletima za invalide. Savremeni IP bazirani SOS sistemi omogu\u0107uju mnogo vi\u0161e od klasi\u010dnih, a [&hellip;]<\/p>\n","protected":false},"author":15,"featured_media":0,"parent":0,"menu_order":0,"comment_status":"closed","ping_status":"closed","template":"","meta":{"_et_pb_use_builder":"on","_et_pb_old_content":"","_et_gb_content_width":"","footnotes":""},"class_list":["post-43632","page","type-page","status-publish","hentry"],"_links":{"self":[{"href":"https:\/\/www.alarmautomatika.com\/sr\/wp-json\/wp\/v2\/pages\/43632","targetHints":{"allow":["GET"]}}],"collection":[{"href":"https:\/\/www.alarmautomatika.com\/sr\/wp-json\/wp\/v2\/pages"}],"about":[{"href":"https:\/\/www.alarmautomatika.com\/sr\/wp-json\/wp\/v2\/types\/page"}],"author":[{"embeddable":true,"href":"https:\/\/www.alarmautomatika.com\/sr\/wp-json\/wp\/v2\/users\/15"}],"replies":[{"embeddable":true,"href":"https:\/\/www.alarmautomatika.com\/sr\/wp-json\/wp\/v2\/comments?post=43632"}],"version-history":[{"count":0,"href":"https:\/\/www.alarmautomatika.com\/sr\/wp-json\/wp\/v2\/pages\/43632\/revisions"}],"wp:attachment":[{"href":"https:\/\/www.alarmautomatika.com\/sr\/wp-json\/wp\/v2\/media?parent=43632"}],"curies":[{"name":"wp","href":"https:\/\/api.w.org\/{rel}","templated":true}]}}