{"id":4807,"date":"2020-08-20T14:31:44","date_gmt":"2020-08-20T12:31:44","guid":{"rendered":"https:\/\/www.alarmautomatika.com\/proizvodi\/videonadzor\/"},"modified":"2023-12-21T09:27:42","modified_gmt":"2023-12-21T08:27:42","slug":"videonadzor","status":"publish","type":"page","link":"https:\/\/www.alarmautomatika.com\/sr\/proizvodi\/videonadzor\/","title":{"rendered":"Videonadzor"},"content":{"rendered":"<p>[et_pb_section fb_built=&#8220;1&#8243; _builder_version=&#8220;4.6.3&#8243; _module_preset=&#8220;default&#8220; background_image=&#8220;https:\/\/www.alarmautomatika.com\/wp-content\/uploads\/2020\/09\/Videonadzor-dvc-green.jpg&#8220; background_size=&#8220;initial&#8220; background_position=&#8220;top_center&#8220;][et_pb_row _builder_version=&#8220;4.6.0&#8243; _module_preset=&#8220;default&#8220; width=&#8220;95%&#8220;][et_pb_column type=&#8220;4_4&#8243; _builder_version=&#8220;4.6.0&#8243; _module_preset=&#8220;default&#8220;][et_pb_text _builder_version=&#8220;4.6.0&#8243; _dynamic_attributes=&#8220;content&#8220; _module_preset=&#8220;default&#8220; text_font=&#8220;|600|||||||&#8220; text_text_color=&#8220;#ffffff&#8220; text_font_size=&#8220;48px&#8220; text_line_height=&#8220;1.2em&#8220; custom_padding=&#8220;80px|50px||50px|false|true&#8220; text_font_size_tablet=&#8220;40px&#8220; text_font_size_phone=&#8220;32px&#8220; text_font_size_last_edited=&#8220;on|desktop&#8220; text_line_height_tablet=&#8220;&#8220; text_line_height_phone=&#8220;&#8220; text_line_height_last_edited=&#8220;on|phone&#8220; header_font_tablet=&#8220;&#8220; header_font_phone=&#8220;&#8220; header_font_last_edited=&#8220;on|phone&#8220; header_font_size_tablet=&#8220;&#8220; header_font_size_phone=&#8220;&#8220; header_font_size_last_edited=&#8220;on|phone&#8220; header_line_height_tablet=&#8220;&#8220; header_line_height_phone=&#8220;&#8220; header_line_height_last_edited=&#8220;on|desktop&#8220;]@ET-DC@eyJkeW5hbWljIjp0cnVlLCJjb250ZW50IjoicG9zdF90aXRsZSIsInNldHRpbmdzIjp7ImJlZm9yZSI6IiIsImFmdGVyIjoiIn19@[\/et_pb_text][\/et_pb_column][\/et_pb_row][et_pb_row column_structure=&#8220;3_4,1_4&#8243; _builder_version=&#8220;4.6.0&#8243; _module_preset=&#8220;default&#8220; background_color=&#8220;#ffffff&#8220; width=&#8220;95%&#8220; custom_margin=&#8220;20px||||false|false&#8220; custom_margin_tablet=&#8220;10px||||false|false&#8220; custom_margin_phone=&#8220;10px||||false|false&#8220; custom_margin_last_edited=&#8220;on|desktop&#8220; custom_padding=&#8220;50px|50px|50px|50px|true|true&#8220; box_shadow_style=&#8220;preset2&#8243;][et_pb_column type=&#8220;3_4&#8243; _builder_version=&#8220;4.6.0&#8243; _module_preset=&#8220;default&#8220;][et_pb_text _builder_version=&#8220;4.7.4&#8243; _module_preset=&#8220;default&#8220; link_font=&#8220;|600|||||||&#8220; header_2_text_align=&#8220;left&#8220; header_2_font_size=&#8220;30px&#8220; header_2_line_height=&#8220;1.2em&#8220; header_font_size_tablet=&#8220;48px&#8220; header_font_size_phone=&#8220;&#8220; header_font_size_last_edited=&#8220;on|tablet&#8220; header_2_font_size_tablet=&#8220;&#8220; header_2_font_size_phone=&#8220;25px&#8220; header_2_font_size_last_edited=&#8220;on|phone&#8220;]<\/p>\n<blockquote>\n<h2>DVC videonadzor u AHD i IP tehnologiji<\/h2>\n<\/blockquote>\n<p>Vlastiti brand DVC Alarm automatika razvija od 2003. godine, kao odgovor na potrebe regionalnog tr\u017ei\u0161ta za proizvodom koji \u0107e biti fleksibilan i pouzdan. Uz najnapredniju tehnologiju i pouzdane komponente (kamere, snima\u010di i dodatna oprema), DVC proizvodi omogu\u0107avaju najvi\u0161e performanse, a dostupni su u AHD i IP tehnologiji.<\/p>\n<blockquote>\n<h2>Fleksibilnost DVC IP sistema<\/h2>\n<\/blockquote>\n<p>\u0160irok raspon i fleksibilnost proizvoda omogu\u0107avaju primenjivost u objektima razli\u010dite veli\u010dine i namene. Od stambenih i manjih kancelarijskih prostora, do kompleksnih objekata pove\u0107anog rizika, kojima se kre\u0107e veliki broj ljudi. Kompleksnost sistema dosti\u017ee mogu\u0107ih 30.000 kamera. Kamere su klasifikovane u pet razli\u010ditih kategorija i linija \u2013 Special, Supreme, Smart, Start i Speed i mogu da odgovore na sve zahteve korisnika po kriterijima cene, kvaliteta i odnosa performansi.\u00a0 U Special klasi izdvaja se panoramska kamera sa <em>starlight<\/em> tehnologijom koja sadr\u017ei \u010detiri odvojene kamere koje se zahvaljuju\u0107i posebnom softveru spajaju u jednu. <em>Starlight<\/em> senzor omogu\u0107ava no\u0107ni rad u boji sa savr\u0161enom slikom i pri vrlo slabom osvetljenju.<\/p>\n<blockquote>\n<h2>DVC AHD sistemi<\/h2>\n<\/blockquote>\n<p>DVC AHD analogni sistemi video nadzora u HD rezoluciji naj\u010de\u0161\u0107e se primenjuju za za\u0161titu stambenih i poslovnih objekata korisnika koji \u017eele visok kvalitet snimka u analognoj tehnologiji. To zna\u010di da ne\u0107e morati da menjaju postoje\u0107u instalaciju.<\/p>\n<blockquote>\n<h2>DVC videoanalitika<\/h2>\n<\/blockquote>\n<p>Za\u0161titu perimetra i pra\u0107enje objekata u sceni omogu\u0107avaju AI videoanaliti\u010dke funkcije DVC videonadzora. Zavisno od tipa kamere mogu\u0107e su funkcije pra\u0107enja objekata detekcije prelaza preko linije, upada u prostor, brojanja osoba, raspoznavanja osoba i vozila, detekciju lica, detekciju registarskih oznaka.<\/p>\n<blockquote>\n<h2>NVMS 2.0. softver za upravljanje snima\u010dima<\/h2>\n<\/blockquote>\n<p>DVC sistemima se mo\u017ee upravljati daljinski putem DVC NVMS 2.0 (LITE) softvera, DVC snima\u010da, web browsera i mobilne aplikacije. Administrator mo\u017ee upravljati sa vi\u0161e snima\u010da istovremeno (kompatibilnost sa Hikvison i Dahua snima\u010dima) kao i da pregleda do 100 kamera istovremeno.<\/p>\n<blockquote>\n<h2>DVC Connect app za pregled kamera u realnom vremenu<\/h2>\n<\/blockquote>\n<p>Dostupna je i besplatna mobilna aplikacija DVC Connect koja omogu\u0107ava pregled kamera sa snima\u010da u realnom vremenu. Mogu\u0107e je i lokalno snimanje na SD karticu mobilnog telefona i pregled snimljenog snimka sa SD kartice, kao i alarmiranje korisnika o doga\u0111ajima iniciranima detekcijom kretanja ili samim alarmnim ulazima na snima\u010du.<\/p>\n<blockquote>\n<h2>DVC serveri za video nadzorne centre<\/h2>\n<\/blockquote>\n<p>U ponudi je \u0161irok raspon servera za video nadzorne centre i posebno prilago\u0111enih radu sa DVC sistemima videonadzora i NVMS softverom. Njima mo\u017ee da se nadzire do 30.000 kamera i omogu\u0107avaju videoverifikaciju alarmnih doga\u0111aja.<\/p>\n<blockquote>\n<h2>DVC sistemi za merenje temperature<\/h2>\n<\/blockquote>\n<p>Alarm automatika\u00a0 trenutno nudi pet inovativnih DVC re\u0161enja za beskontaktnu detekciju povi\u0161ene telesne temperature, kao doprinos odgovornom pona\u0161anju i za\u0161titi zdravlja.\u00a0 Re\u0161enja se razlikuju prvenstveno po koli\u010dini podataka koje mogu obraditi u odre\u0111enom vremenskom periodu.\u00a0 Za mesta visoke frekvencije prolaza uz pametnu videoanalitku mo\u017ee se obraditi do 30 osoba istovremeno, a za mesta srednje frekvencije do 10 osoba istovremeno. Posebno se isti\u010de fleksibilno re\u0161enje pomo\u0107u ure\u0111aja DTC-24F koje uz merenje temperature ima mogu\u0107nost prepoznavanja nosi li osoba masku. Isti ure\u0111aj ima mogu\u0107nost umre\u017eavanja sa drugim ure\u0111ajima (kontrola pristupa, video interfon, evidencija radnog vremena) pa mu je primena fleksibilna.<\/p>\n<p>[\/et_pb_text][\/et_pb_column][et_pb_column type=&#8220;1_4&#8243; _builder_version=&#8220;4.6.0&#8243; _module_preset=&#8220;default&#8220; custom_padding_tablet=&#8220;&#8220; custom_padding_phone=&#8220;&#8220; custom_padding_last_edited=&#8220;on|phone&#8220;][et_pb_image src=&#8220;https:\/\/www.alarmautomatika.com\/wp-content\/uploads\/2020\/10\/idea-classic-logo-home-banner.png&#8220; alt=&#8220;iDEA Classic&#8220; title_text=&#8220;iDEA Classic&#8220; align=&#8220;center&#8220; _builder_version=&#8220;4.7.4&#8243; _module_preset=&#8220;default&#8220;][\/et_pb_image][et_pb_accordion module_class=&#8220;idea-value-propositions&#8220; _builder_version=&#8220;4.9.0&#8243; _module_preset=&#8220;default&#8220; global_module=&#8220;8295&#8243;][et_pb_accordion_item title=&#8220;Blank&#8220; open=&#8220;on&#8220; _builder_version=&#8220;4.9.0&#8243; _module_preset=&#8220;default&#8220; custom_css_main_element=&#8220;display:none;&#8220;][\/et_pb_accordion_item][et_pb_accordion_item title=&#8220;Klijenti&#8220; _builder_version=&#8220;4.9.0&#8243; _module_preset=&#8220;default&#8220; open=&#8220;off&#8220;]<\/p>\n<p><a href=\"https:\/\/www.alarmautomatika.com\/sr\/klijenti\/instalateri-tehnicke-zastite\/\">Instalateri tehni\u010dke za\u0161tite<\/a><\/p>\n<p><a href=\"https:\/\/www.alarmautomatika.com\/sr\/klijenti\/dojavni-centri\/\">Dojavni centri<\/a><\/p>\n<p><a href=\"https:\/\/www.alarmautomatika.com\/sr\/klijenti\/elektricari\/\">Elektri\u010dari<\/a><\/p>\n<p><a href=\"https:\/\/www.alarmautomatika.com\/sr\/klijenti\/trgovine-elektromaterijalom-i-it-opremom-internet-trgovine\/\">Trgovine elektromaterijalom i IT opremom, internet trgovine<\/a><\/p>\n<p>[\/et_pb_accordion_item][et_pb_accordion_item title=&#8220;Proizvodi&#8220; _builder_version=&#8220;4.9.0&#8243; _module_preset=&#8220;default&#8220; open=&#8220;off&#8220;]<\/p>\n<p><a href=\"https:\/\/www.alarmautomatika.com\/sr\/proizvodi\/videonadzor\/\">Videonadzor<\/a><\/p>\n<p><a href=\"https:\/\/www.alarmautomatika.com\/sr\/proizvodi\/protivprovala-i-protivprepad\/\">Protuprovala i protuprepad<\/a><\/p>\n<p><a href=\"https:\/\/www.alarmautomatika.com\/sr\/proizvodi\/videointerfoni\/\">Videointerfoni<\/a><\/p>\n<p><a href=\"https:\/\/www.alarmautomatika.com\/sr\/proizvodi\/kontrola-pristupa-i-evidencija-radnog-vremena\/\">Kontrola pristupa i evidencija radnog vremena<\/a><\/p>\n<p><a href=\"https:\/\/www.alarmautomatika.com\/sr\/proizvodi\/audio-resenja\/\">Audio rje\u0161enja<\/a><\/p>\n<p><a href=\"https:\/\/www.alarmautomatika.com\/sr\/proizvodi\/automatika-za-vrata-i-rampe\/\">Automatske rampe i vrata<\/a><\/p>\n<p><a href=\"https:\/\/www.alarmautomatika.com\/sr\/proizvodi\/oprema-za-dojavne-centre\/\">Oprema za dojavne centre<\/a><\/p>\n<p><a href=\"https:\/\/www.alarmautomatika.com\/sr\/proizvodi\/dojava-pozara-i-plina\/\">Dojava po\u017eara i plina<\/a><\/p>\n<p>[\/et_pb_accordion_item][et_pb_accordion_item title=&#8220;Softveri&#8220; _builder_version=&#8220;4.9.0&#8243; _module_preset=&#8220;default&#8220; open=&#8220;off&#8220;]<\/p>\n<p><a href=\"https:\/\/www.alarmautomatika.com\/sr\/softveri\/prijem-i-obrada-alarma\/\">Prijem i obrada signala alarma<\/a><\/p>\n<p>[\/et_pb_accordion_item][et_pb_accordion_item title=&#8220;Usluge&#8220; _builder_version=&#8220;4.9.0&#8243; _module_preset=&#8220;default&#8220; open=&#8220;off&#8220;]<\/p>\n<p><a href=\"https:\/\/www.alarmautomatika.com\/sr\/usluge\/sve-na-jednom-mestu\/#prodajna-i-tehnicka-podrska\" data-et-has-event-already=\"true\">Prodajna i tehni\u010dka podr\u0161ka<\/a><\/p>\n<p><a href=\"https:\/\/www.alarmautomatika.com\/sr\/usluge\/sve-na-jednom-mestu\/#oprema-na-skladistu\" data-et-has-event-already=\"true\">Oprema na skladi\u0161tu<\/a><\/p>\n<p><a href=\"https:\/\/www.alarmautomatika.com\/sr\/usluge\/sve-na-jednom-mestu\/#edukacija-instalatera\" data-et-has-event-already=\"true\">Edukacija instalatera<\/a><\/p>\n<p><a href=\"https:\/\/www.alarmautomatika.com\/sr\/usluge\/sve-na-jednom-mestu\/#b2b-online-platforma\" data-et-has-event-already=\"true\">B2B online platforma<\/a><\/p>\n<p><a href=\"https:\/\/www.alarmautomatika.com\/sr\/usluge\/sve-na-jednom-mestu\/#servis\" data-et-has-event-already=\"true\">Servis<\/a><\/p>\n<p><a href=\"https:\/\/www.alarmautomatika.com\/sr\/usluge\/sve-na-jednom-mestu\/#idea-classic-katalog\" data-et-has-event-already=\"true\">iDEA Classic katalog<\/a><\/p>\n<p>[\/et_pb_accordion_item][et_pb_accordion_item title=&#8220;Platforma&#8220; _builder_version=&#8220;4.9.0&#8243; _module_preset=&#8220;default&#8220; open=&#8220;off&#8220;]<\/p>\n<p><a href=\"https:\/\/www.alarmautomatika.com\/sr\/platforma\/#b2b-platforma\" data-et-has-event-already=\"true\">Jedinstvena B2B platforma koja \u0161tedi vrijeme<\/a><\/p>\n<p>[\/et_pb_accordion_item][\/et_pb_accordion][\/et_pb_column][\/et_pb_row][\/et_pb_section]<\/p>\n","protected":false},"excerpt":{"rendered":"<p>DVC videonadzor u AHD i IP tehnologiji Vlastiti brand DVC Alarm automatika razvija od 2003. godine, kao odgovor na potrebe regionalnog tr\u017ei\u0161ta za proizvodom koji \u0107e biti fleksibilan i pouzdan. Uz najnapredniju tehnologiju i pouzdane komponente (kamere, snima\u010di i dodatna oprema), DVC proizvodi omogu\u0107avaju najvi\u0161e performanse, a dostupni su u AHD i IP tehnologiji. Fleksibilnost [&hellip;]<\/p>\n","protected":false},"author":15,"featured_media":0,"parent":4717,"menu_order":0,"comment_status":"closed","ping_status":"closed","template":"","meta":{"_et_pb_use_builder":"on","_et_pb_old_content":"","_et_gb_content_width":"","footnotes":""},"class_list":["post-4807","page","type-page","status-publish","hentry"],"_links":{"self":[{"href":"https:\/\/www.alarmautomatika.com\/sr\/wp-json\/wp\/v2\/pages\/4807","targetHints":{"allow":["GET"]}}],"collection":[{"href":"https:\/\/www.alarmautomatika.com\/sr\/wp-json\/wp\/v2\/pages"}],"about":[{"href":"https:\/\/www.alarmautomatika.com\/sr\/wp-json\/wp\/v2\/types\/page"}],"author":[{"embeddable":true,"href":"https:\/\/www.alarmautomatika.com\/sr\/wp-json\/wp\/v2\/users\/15"}],"replies":[{"embeddable":true,"href":"https:\/\/www.alarmautomatika.com\/sr\/wp-json\/wp\/v2\/comments?post=4807"}],"version-history":[{"count":1,"href":"https:\/\/www.alarmautomatika.com\/sr\/wp-json\/wp\/v2\/pages\/4807\/revisions"}],"predecessor-version":[{"id":51517,"href":"https:\/\/www.alarmautomatika.com\/sr\/wp-json\/wp\/v2\/pages\/4807\/revisions\/51517"}],"up":[{"embeddable":true,"href":"https:\/\/www.alarmautomatika.com\/sr\/wp-json\/wp\/v2\/pages\/4717"}],"wp:attachment":[{"href":"https:\/\/www.alarmautomatika.com\/sr\/wp-json\/wp\/v2\/media?parent=4807"}],"curies":[{"name":"wp","href":"https:\/\/api.w.org\/{rel}","templated":true}]}}