{"id":54255,"date":"2024-05-22T13:15:17","date_gmt":"2024-05-22T11:15:17","guid":{"rendered":"https:\/\/www.alarmautomatika.com\/?page_id=54255"},"modified":"2026-03-04T15:04:19","modified_gmt":"2026-03-04T14:04:19","slug":"alarm-automatika-na-sajmu-balkan-security-expo","status":"publish","type":"page","link":"https:\/\/www.alarmautomatika.com\/sr\/alarm-automatika-na-sajmu-balkan-security-expo\/","title":{"rendered":"Alarm automatika na sajmu Balkan Security Expo"},"content":{"rendered":"<p>[et_pb_section fb_built=&#8220;1&#8243; _builder_version=&#8220;4.25.1&#8243; _module_preset=&#8220;default&#8220; global_colors_info=&#8220;{}&#8220;][et_pb_row _builder_version=&#8220;4.25.1&#8243; _module_preset=&#8220;default&#8220; global_colors_info=&#8220;{}&#8220;][et_pb_column type=&#8220;4_4&#8243; _builder_version=&#8220;4.25.1&#8243; _module_preset=&#8220;default&#8220; global_colors_info=&#8220;{}&#8220;][et_pb_text _builder_version=&#8220;4.25.1&#8243; _module_preset=&#8220;default&#8220; global_colors_info=&#8220;{}&#8220;]<\/p>\n<blockquote>\n<h1>Alarm automatika na sajmu Balkan Security Expo<\/h1>\n<\/blockquote>\n<p>[\/et_pb_text][et_pb_image src=&#8220;https:\/\/www.alarmautomatika.com\/wp-content\/uploads\/2024\/05\/240022_BalkanExpo_HederImage_landing.jpg&#8220; title_text=&#8220;240022_BalkanExpo_HederImage_landing&#8220; _builder_version=&#8220;4.25.1&#8243; _module_preset=&#8220;default&#8220; global_colors_info=&#8220;{}&#8220;][\/et_pb_image][et_pb_text _builder_version=&#8220;4.25.1&#8243; _module_preset=&#8220;default&#8220; global_colors_info=&#8220;{}&#8220;]<\/p>\n<p>Alarm automatika, regionalni lider u industriji tehni\u010dke za\u0161tite, na sajmu Balkan Security Expo \u0107e predstaviti svoju ponudu safety i security re\u0161enja koja se baziraju na opremi renomiranih svetskih proizvo\u0111a\u010da, softverima za centralizaciju i integraciju, kao i na kompletnoj usluzi u svim fazama implementacije, od projektovanja i izbora opreme, implementacije, do programiranja i pu\u0161tanja sistema u rad.<\/p>\n<p>Ponuda Alarm automatike \u0107e biti predstavljena na izlo\u017ebenom prostoru i kroz dve prezentacije koje \u0107e se odr\u017eati u sklopu sajma.<\/p>\n<p>Posetite nas na <strong>\u0161tandu broj 37<\/strong>!<\/p>\n<p>Prijavite se za u\u010destvovanje na prezentacijama!<\/p>\n<p>[\/et_pb_text][\/et_pb_column][\/et_pb_row][et_pb_row _builder_version=&#8220;4.25.1&#8243; _module_preset=&#8220;default&#8220; global_colors_info=&#8220;{}&#8220;][et_pb_column type=&#8220;4_4&#8243; _builder_version=&#8220;4.25.1&#8243; _module_preset=&#8220;default&#8220; global_colors_info=&#8220;{}&#8220;][et_pb_text _builder_version=&#8220;4.25.1&#8243; _module_preset=&#8220;default&#8220; global_colors_info=&#8220;{}&#8220;]<\/p>\n<blockquote>\n<h3>Posetite \u0161tand 37 na kom Alarm automatika izla\u017ee<\/h3>\n<\/blockquote>\n<p>Na izlo\u017ebenom prostoru \u0107e biti predstavljena tri segmenta ponude Alarm automatike.<\/p>\n<p>[\/et_pb_text][et_pb_text _builder_version=&#8220;4.25.1&#8243; _module_preset=&#8220;default&#8220; global_colors_info=&#8220;{}&#8220;]<\/p>\n<blockquote>\n<h4>Integrisana safety re\u0161enja za javne ustanove, industriju i hotelski sektor<\/h4>\n<\/blockquote>\n<p>Moderni protivpo\u017earni sistemi moraju da ispune niz zahteva koji se odnose na umre\u017eavanje, integraciju, pro\u0161irenje, upravljanje i odr\u017eavanje. Na sajmu \u0107e biti predstavljena napredna re\u0161enja italijanske firme Inim Electronics koja je u svoje proizvode implementirala niz naprednih tehnologija koje omogu\u0107uju potpunu fleksibilnost u dimenzioniranju sistema dojave po\u017eara, \u0161irok raspon mogu\u0107nosti upravljanja, uklju\u010duju\u0107i upravljanje preko mobilne aplikacije, kao i integraciju s ostalim safety (dojava po\u017eara i gasa, EVAC, odvo\u0111enje dima i toplote, sigurnosna rasveta, SOS), security (videonadzor, kontrola pristupa, protivrovala) i BMS sistemima u objektu. Integrisanim safety sistemima mo\u017ee da se upravlja preko ABsistemDCi softvera.<\/p>\n<p>[\/et_pb_text][et_pb_image src=&#8220;https:\/\/www.alarmautomatika.com\/wp-content\/uploads\/2024\/05\/integrirani-safety_logotipi.jpg&#8220; title_text=&#8220;integrirani-safety_logotipi&#8220; align=&#8220;center&#8220; _builder_version=&#8220;4.25.1&#8243; _module_preset=&#8220;default&#8220; global_colors_info=&#8220;{}&#8220;][\/et_pb_image][et_pb_text _builder_version=&#8220;4.25.1&#8243; _module_preset=&#8220;default&#8220; global_colors_info=&#8220;{}&#8220;]<\/p>\n<blockquote>\n<h4>Re\u0161enja videonadzora za te\u0161ke uslove rada i kriti\u010dnu infrastrukturu<\/h4>\n<\/blockquote>\n<p>Oprema koja se koristi za za\u0161titu objekata kriti\u010dne infrastrukture (energetika, finansije, petrohemija, saobra\u0107aj, zdravstvo, telekomunikacije itd.) mora da bude robusna, otporna na mehani\u010dke i cyber upade, da omogu\u0107ava sigurno upravljanje, i da svojim karakteristikama odgovara visokim sigurnosnim zahtevima. Na sajmu \u0107e biti predstavljena re\u0161enja firme Pelco, renomiranog proizvo\u0111a\u010da sistema videonadzora koja Alarm automatika zastupa u zemljama u kojima posluje. Pelco je poznat po proizvodnji specijalnih tipova kamera sertifikovanih za rad u te\u0161kim uslovima i otpornim na cyber napad, kao i po naprednim videoanaliti\u010dkim softverima.<\/p>\n<p>[\/et_pb_text][et_pb_image src=&#8220;https:\/\/www.alarmautomatika.com\/wp-content\/uploads\/2024\/05\/Pelco_logotip.jpg&#8220; title_text=&#8220;Pelco_logotip&#8220; align=&#8220;center&#8220; _builder_version=&#8220;4.25.1&#8243; _module_preset=&#8220;default&#8220; global_colors_info=&#8220;{}&#8220;][\/et_pb_image][et_pb_text _builder_version=&#8220;4.25.1&#8243; _module_preset=&#8220;default&#8220; hover_enabled=&#8220;0&#8243; global_colors_info=&#8220;{}&#8220; sticky_enabled=&#8220;0&#8243;]<\/p>\n<blockquote>\n<h4>Specijalisti\u010dke softverske integracije safety, security i BMS sistema na objektima i case study Energetska efikasnost u javnim ustanovama<\/h4>\n<\/blockquote>\n<p>Na sajmu \u0107e biti predstavljeno nekoliko specijalisti\u010dkih softvera koje je Alarm automatika razvila i implementirala u objektima razli\u010dite veli\u010dine i namene. Oni korisnicima omogu\u0107uju uvid u podatke prikupljene putem safety, security i BMS sistema kroz softvere koje koriste za vo\u0111enje poslovanja, analizu podataka, kao i za upravljanje integrisanim sistemima. Primeri specijalisti\u010dkih softvera za inteligentno upravljane i kontrolu su <strong><a href=\"https:\/\/www.alarmautomatika.com\/sr\/softveri\/absistem-park\/\">ABsistemPark<\/a><\/strong> za kontrolu i upravljanje parkinzima, <strong><a href=\"https:\/\/www.alarmautomatika.com\/sr\/softveri\/brojenje-ljudi\/\">ABsistemCounter<\/a><\/strong> za brojanje ljudi i vozila, <a href=\"https:\/\/www.alarmautomatika.com\/sr\/softveri\/absistem-ticketing\/\"><strong>ABsistemTicketing<\/strong><\/a> za izdavanje ulaznica i upravljanje ulaskom u javne objekte i <a href=\"https:\/\/www.alarmautomatika.com\/sr\/aplikacija-za-prikupljanje-pohranu-analizu-i-vizualizaciju-podataka-o-potrosnji-energenata-absistemenergy\/\"><strong>ABsistemEnergy<\/strong><\/a> za centralizovano prikupljanje, \u010duvanje, analizu i vizualizaciju podataka o potro\u0161nji energenata i vode u objektima.<\/p>\n<p>[\/et_pb_text][et_pb_image src=&#8220;https:\/\/www.alarmautomatika.com\/wp-content\/uploads\/2024\/05\/SpecijalistickiSoftveri_logotipi.jpg&#8220; title_text=&#8220;SpecijalistickiSoftveri_logotipi&#8220; align=&#8220;center&#8220; _builder_version=&#8220;4.25.1&#8243; _module_preset=&#8220;default&#8220; global_colors_info=&#8220;{}&#8220;][\/et_pb_image][et_pb_text _builder_version=&#8220;4.25.1&#8243; _module_preset=&#8220;default&#8220; global_colors_info=&#8220;{}&#8220;]<\/p>\n<blockquote>\n<h3>Posetite prezentacije koje Alarm automatika odr\u017eava na sajmu<\/h3>\n<\/blockquote>\n<p>Alarm automatika \u0107e na sajmu odr\u017eati dve prezentacije koje prate aktualne zahteve korisnika vezanih za sigurnost i upravljanje objektima.<\/p>\n<p>Svoj dolazak na prezentacije mo\u017eete da najavite preko online obrasca, a <strong>nakon registracije poslac\u0301emo vam besplatnu kartu<\/strong>.<\/p>\n<p>[\/et_pb_text][et_pb_button button_url=&#8220;https:\/\/forms.office.com\/e\/n6qccn2afy&#8220; url_new_window=&#8220;on&#8220; button_text=&#8220;Prijava u\u010destvovanja na prezentacijama Alarm automatike&#8220; button_alignment=&#8220;center&#8220; disabled_on=&#8220;off|off|off&#8220; _builder_version=&#8220;4.25.1&#8243; _module_preset=&#8220;default&#8220; custom_button=&#8220;on&#8220; button_text_size=&#8220;14px&#8220; button_font=&#8220;|600|||||||&#8220; button_use_icon=&#8220;off&#8220; custom_padding=&#8220;14px|53px|14px|53px|true|true&#8220; global_colors_info=&#8220;{}&#8220;][\/et_pb_button][et_pb_text _builder_version=&#8220;4.25.1&#8243; _module_preset=&#8220;default&#8220; global_colors_info=&#8220;{}&#8220;]<\/p>\n<blockquote>\n<h3>Prezentacija Integrisana safety re\u0161enja upravljana Inim sistemima za dojavu po\u017eara<\/h3>\n<\/blockquote>\n<h4>Prezentacijski prostor u parteru hale, 7.6.2024., 12:00 \u2013 12:40 sati<\/h4>\n<p>Safety sistemi na objektu (dojava po\u017eara i gasa, EVAC, sigurnosna rasveta, odvo\u0111enje dima i toplote, SOS) se integri\u0161u kako bi se osigurala rana detekcija po\u017eara, brz po\u010detak ga\u0161enja i sigurna evakuacija ljudi. Bitno je da se osigura da sistem dojave po\u017eara mo\u017ee da upravlja ostalim safety sistemima koji u slu\u010daju po\u017eara funkcioni\u0161u kao njegov izvr\u0161ni element. Oprema koju je mogu\u0107e integrisati i kvalitetan projekat su pretpostavke uspostavljanja integrisanog safety re\u0161enja.<\/p>\n<p>Na prezentaciji \u0107e biti predstavljeno kompletno integrisano safety re\u0161enje Alarm automatike koje obuhvata pouzdanu opremu renomiranih evropskih proizvo\u0111a\u010da, \u0161irok raspon usluga, od procene rizika i projektovanja do programiranja i pu\u0161tanja sistema u rad, kao i softversku integraciju safety sistema. Bi\u0107e predstavljen i <strong><a href=\"https:\/\/www.alarmautomatika.com\/hr\/projektiranje-integriranog-rjesenja-zastite-od-pozara\/\">Priru\u010dnik za projektovanje integrisanih sistema za za\u0161titu od po\u017eara<\/a><\/strong> koje je Alarm automatika izdala pro\u0161le godine.<\/p>\n<p>[\/et_pb_text][et_pb_button button_url=&#8220;https:\/\/forms.office.com\/e\/n6qccn2afy&#8220; url_new_window=&#8220;on&#8220; button_text=&#8220;Prijava u\u010destvovanja na prezentacijama Alarm automatike&#8220; button_alignment=&#8220;center&#8220; disabled_on=&#8220;off|off|off&#8220; _builder_version=&#8220;4.25.1&#8243; _module_preset=&#8220;default&#8220; custom_button=&#8220;on&#8220; button_text_size=&#8220;14px&#8220; button_font=&#8220;|600|||||||&#8220; button_use_icon=&#8220;off&#8220; custom_padding=&#8220;14px|53px|14px|53px|true|true&#8220; global_colors_info=&#8220;{}&#8220;][\/et_pb_button][et_pb_text _builder_version=&#8220;4.25.1&#8243; _module_preset=&#8220;default&#8220; global_colors_info=&#8220;{}&#8220;]<\/p>\n<blockquote>\n<h3>Prezentacija Specijalisti\u010dka re\u0161enja softverske integracije safety, security i BMS sistema<\/h3>\n<\/blockquote>\n<h4>Prezentacijski prostor u parteru hale, 7.6.2024., 13:00 \u2013 13:40 sati<\/h4>\n<p>Savremeno poslovanje se temelji na analizi mnogobrojnih podataka prikupljenih, izme\u0111u ostalog, i preko sistema tehni\u010dke za\u0161tite. Oni omogu\u0107uju korisnicima efikasniju organizaciju rada, a bitno je da budu vidljivi kroz softvere kojima se koriste za vo\u0111enje poslovanja, kako bi zaposleni mogli da ih redovno prate.<\/p>\n<p>Na zahtev svojih korisnika, Alarm automatika je u zadnjih desetak godina razvila seriju softvera za inteligentno upravljanje i kontrolu koji se primjenjuju u objektima razli\u010dite namene kao \u0161to su hoteli, javne institucije, sportski i industrijski objekti. Na prezentaciji \u0107e biti predstavljeni softveri koji se \u010de\u0161\u0107e koriste &#8211; <a href=\"https:\/\/www.alarmautomatika.com\/sr\/softveri\/absistem-park\/\"><strong>ABsistemPark<\/strong><\/a> za kontrolu i upravljanje parkinzima, <a href=\"https:\/\/www.alarmautomatika.com\/sr\/softveri\/brojenje-ljudi\/\"><strong>ABsistemCounter<\/strong><\/a> za brojanje ljudi i vozila i <a href=\"https:\/\/www.alarmautomatika.com\/sr\/softveri\/absistem-ticketing\/\"><strong>ABsistemTicketing<\/strong><\/a> za izdavanje ulaznica i upravljanje ulaskom u javne objekte.<\/p>\n<p>Aplikacija <a href=\"https:\/\/www.alarmautomatika.com\/sr\/aplikacija-za-prikupljanje-pohranu-analizu-i-vizualizaciju-podataka-o-potrosnji-energenata-absistemenergy\/\"><strong>ABsistemEnergy<\/strong><\/a> za centralizovano prikupljanje, \u010duvanje, analizu i vizualizaciju podataka o potro\u0161nji energenata i vode u objektima na jednoj ili vi\u0161e geografski udaljenih lokacija bi\u0107e predstavljena kroz case study <em>Uspostavljanje sredi\u0161njeg informacijskog sistema za monitoring potro\u0161nje energije i vode, kao i pra\u0107enje kvaliteta vazduha i temperature u javnim objektima u Crnoj Gori<\/em>.<\/p>\n<p>[\/et_pb_text][et_pb_button button_url=&#8220;https:\/\/forms.office.com\/e\/n6qccn2afy&#8220; url_new_window=&#8220;on&#8220; button_text=&#8220;Prijava u\u010destvovanja na prezentacijama Alarm automatike&#8220; button_alignment=&#8220;center&#8220; disabled_on=&#8220;off|off|off&#8220; _builder_version=&#8220;4.25.1&#8243; _module_preset=&#8220;default&#8220; custom_button=&#8220;on&#8220; button_text_size=&#8220;14px&#8220; button_font=&#8220;|600|||||||&#8220; button_use_icon=&#8220;off&#8220; custom_padding=&#8220;14px|53px|14px|53px|true|true&#8220; global_colors_info=&#8220;{}&#8220;][\/et_pb_button][et_pb_divider color=&#8220;#D7D7D7&#8243; divider_style=&#8220;dotted&#8220; divider_weight=&#8220;1px&#8220; _builder_version=&#8220;4.25.1&#8243; _module_preset=&#8220;default&#8220; border_style_all=&#8220;dashed&#8220; global_colors_info=&#8220;{}&#8220;][\/et_pb_divider][et_pb_text _builder_version=&#8220;4.25.1&#8243; _module_preset=&#8220;default&#8220; global_colors_info=&#8220;{}&#8220;]<\/p>\n<p><em>Sajam se odr\u017eava u <\/em><a href=\"https:\/\/www.halasportova.rs\/hala-sportova\/gde-se-nalazimo\" target=\"_blank\" rel=\"noopener\"><em>Hali sportova u Beogradu<\/em><\/a><em>, 7. i 8.6.2024.. Vi\u0161e informacija o programu sajma, izlaga\u010dima, ulaznicama i ostalim organizacijskim detaljima se nalazi na slu\u017ebenim stranicama <\/em><em>Balkan Security Expo<\/em>.<\/p>\n<p>[\/et_pb_text][\/et_pb_column][\/et_pb_row][\/et_pb_section]<\/p>\n","protected":false},"excerpt":{"rendered":"<p>Alarm automatika na sajmu Balkan Security Expo Alarm automatika, regionalni lider u industriji tehni\u010dke za\u0161tite, na sajmu Balkan Security Expo \u0107e predstaviti svoju ponudu safety i security re\u0161enja koja se baziraju na opremi renomiranih svetskih proizvo\u0111a\u010da, softverima za centralizaciju i integraciju, kao i na kompletnoj usluzi u svim fazama implementacije, od projektovanja i izbora opreme, [&hellip;]<\/p>\n","protected":false},"author":14,"featured_media":0,"parent":0,"menu_order":0,"comment_status":"closed","ping_status":"closed","template":"","meta":{"_et_pb_use_builder":"on","_et_pb_old_content":"","_et_gb_content_width":"","footnotes":""},"class_list":["post-54255","page","type-page","status-publish","hentry"],"_links":{"self":[{"href":"https:\/\/www.alarmautomatika.com\/sr\/wp-json\/wp\/v2\/pages\/54255","targetHints":{"allow":["GET"]}}],"collection":[{"href":"https:\/\/www.alarmautomatika.com\/sr\/wp-json\/wp\/v2\/pages"}],"about":[{"href":"https:\/\/www.alarmautomatika.com\/sr\/wp-json\/wp\/v2\/types\/page"}],"author":[{"embeddable":true,"href":"https:\/\/www.alarmautomatika.com\/sr\/wp-json\/wp\/v2\/users\/14"}],"replies":[{"embeddable":true,"href":"https:\/\/www.alarmautomatika.com\/sr\/wp-json\/wp\/v2\/comments?post=54255"}],"version-history":[{"count":2,"href":"https:\/\/www.alarmautomatika.com\/sr\/wp-json\/wp\/v2\/pages\/54255\/revisions"}],"predecessor-version":[{"id":59602,"href":"https:\/\/www.alarmautomatika.com\/sr\/wp-json\/wp\/v2\/pages\/54255\/revisions\/59602"}],"wp:attachment":[{"href":"https:\/\/www.alarmautomatika.com\/sr\/wp-json\/wp\/v2\/media?parent=54255"}],"curies":[{"name":"wp","href":"https:\/\/api.w.org\/{rel}","templated":true}]}}