{"id":55800,"date":"2024-11-07T09:31:46","date_gmt":"2024-11-07T08:31:46","guid":{"rendered":"https:\/\/www.alarmautomatika.com\/smart-guard-patrol-softver-i-mobilna-aplikacija-za-online-nadzor-obilaska-cuvara\/"},"modified":"2024-11-13T14:29:24","modified_gmt":"2024-11-13T13:29:24","slug":"smart-guard-patrol-softver-i-mobilna-aplikacija-za-online-nadzor-obilaska-cuvara","status":"publish","type":"page","link":"https:\/\/www.alarmautomatika.com\/sr\/smart-guard-patrol-softver-i-mobilna-aplikacija-za-online-nadzor-obilaska-cuvara\/","title":{"rendered":"Smart Guard Patrol \u2013 softver i mobilna aplikacija za online nadzor obilaska \u010duvara"},"content":{"rendered":"<p>[et_pb_section fb_built=&#8220;1&#8243; _builder_version=&#8220;4.27.2&#8243; _module_preset=&#8220;default&#8220; background_image=&#8220;https:\/\/www.alarmautomatika.com\/wp-content\/uploads\/2024\/11\/smart-guard-patrol-header-image-gradient.jpg&#8220; background_size=&#8220;initial&#8220; background_position=&#8220;top_center&#8220; global_colors_info=&#8220;{}&#8220;][et_pb_row _builder_version=&#8220;4.16&#8243; _module_preset=&#8220;_initial&#8220; width=&#8220;95%&#8220; global_colors_info=&#8220;{}&#8220;][et_pb_column type=&#8220;4_4&#8243; _builder_version=&#8220;4.16&#8243; _module_preset=&#8220;default&#8220; global_colors_info=&#8220;{}&#8220;][et_pb_text _builder_version=&#8220;4.27.2&#8243; _dynamic_attributes=&#8220;content&#8220; _module_preset=&#8220;_initial&#8220; text_font=&#8220;|600|||||||&#8220; text_text_color=&#8220;#ffffff&#8220; text_font_size=&#8220;48px&#8220; text_line_height=&#8220;1.2em&#8220; custom_padding=&#8220;80px|50px||50px|false|true&#8220; text_font_size_tablet=&#8220;40px&#8220; text_font_size_phone=&#8220;29px&#8220; text_font_size_last_edited=&#8220;on|phone&#8220; text_line_height_tablet=&#8220;&#8220; text_line_height_phone=&#8220;&#8220; text_line_height_last_edited=&#8220;on|phone&#8220; header_font_tablet=&#8220;&#8220; header_font_phone=&#8220;&#8220; header_font_last_edited=&#8220;on|tablet&#8220; header_font_size_tablet=&#8220;&#8220; header_font_size_phone=&#8220;&#8220; header_font_size_last_edited=&#8220;on|phone&#8220; header_line_height_tablet=&#8220;&#8220; header_line_height_phone=&#8220;&#8220; header_line_height_last_edited=&#8220;on|desktop&#8220; global_colors_info=&#8220;{}&#8220;]@ET-DC@eyJkeW5hbWljIjp0cnVlLCJjb250ZW50IjoicG9zdF90aXRsZSIsInNldHRpbmdzIjp7ImJlZm9yZSI6IiIsImFmdGVyIjoiIn19@[\/et_pb_text][\/et_pb_column][\/et_pb_row][et_pb_row column_structure=&#8220;3_4,1_4&#8243; _builder_version=&#8220;4.16&#8243; _module_preset=&#8220;_initial&#8220; background_color=&#8220;#ffffff&#8220; width=&#8220;95%&#8220; custom_margin=&#8220;20px||||false|false&#8220; custom_margin_tablet=&#8220;10px||||false|false&#8220; custom_margin_phone=&#8220;10px||||false|false&#8220; custom_margin_last_edited=&#8220;on|desktop&#8220; custom_padding=&#8220;43px|50px|43px|50px|true|true&#8220; box_shadow_style=&#8220;preset2&#8243; global_colors_info=&#8220;{}&#8220;][et_pb_column type=&#8220;3_4&#8243; _builder_version=&#8220;4.16&#8243; _module_preset=&#8220;default&#8220; global_colors_info=&#8220;{}&#8220;][et_pb_text _builder_version=&#8220;4.27.2&#8243; _module_preset=&#8220;_initial&#8220; hover_enabled=&#8220;0&#8243; header_2_font_size_tablet=&#8220;&#8220; header_2_font_size_phone=&#8220;32px&#8220; header_2_font_size_last_edited=&#8220;on|phone&#8220; header_3_font_size_tablet=&#8220;&#8220; header_3_font_size_phone=&#8220;24px&#8220; header_3_font_size_last_edited=&#8220;on|phone&#8220; global_colors_info=&#8220;{}&#8220; sticky_enabled=&#8220;0&#8243;]<\/p>\n<p><strong><em>O pouzdanosti obilaska zavisi u kojoj \u0107e meri za\u0161tita biti efikasna i uskla\u0111ena sa definisanim procedurama. Ne manje va\u017ena je i mogu\u0107nost dokazivanja krajnjem korisniku da je dogovorena procedura i sprovedena. <\/em><\/strong><\/p>\n<p><strong><em>Smart Guard Patrol mo\u017ee pove\u0107ati efikasnost rada u razli\u010ditim delatnostima, jer se na isti na\u010din mo\u017ee proveriti ta\u010dnost dolaska na bilo koju lokaciju i bilo kojim poslom, na primer obilazak pacijenata, \u010di\u0161\u0107enja hotelskih soba, servisiranje raznih ure\u0111aja ili facility menad\u017ement.<\/em><\/strong><\/p>\n<p>Smart Guard Patrol je mo\u0107no i prilagodljivo softversko re\u0161enje koje omogu\u0107ava online nadzor obilaska \u010duvara u dojavnom centru u realnom vremenu. Obuhvata web interfejs koji se koristi u dojavnom centru i mobilnu aplikaciju koju koriste \u010duvari \u010diji se obilazak nadzire.<\/p>\n<p>Primena Smart Guard Patrol re\u0161enja je izuzetno jednostavna. Osoba u obilasku putem mobilnog telefona o\u010ditava prethodno generisane\/programirane QR kodove ili NFC oznake za svaku kontrolnu ta\u010dku posebno. Mobilna aplikacija \u0161alje informacije u dojavni centar u kojem je odmah vidljiva i u kojem se mo\u017ee  analizirati kada je to potrebno.<\/p>\n<blockquote>\n<h2>Re\u0161enje nezavisno od softvera za centralizaciju koji se koristi<\/h2>\n<\/blockquote>\n<p>Smart Guard Patrol omogu\u0107ava sve klju\u010dne funkcije nadzora obilaska unutar jedne platforme, bez potrebe za dodatnim modulima ili komplikovanim nadogradnjama, bez obzira na koji se softver za centralizaciju koristi u nadzornom centru. Funkcioni\u0161e kao standalone re\u0161enje, ali u slu\u010daju da se za centralizaciju koristi <a href=\"https:\/\/www.alarmautomatika.com\/sr\/softveri\/prijem-i-obrada-alarma\/\"><strong>ABsistemDCNGv2<\/strong><\/a> softver, integri\u0161e se kako bi se iskoristile prednosti oba re\u0161enja.<\/p>\n<p>[\/et_pb_text][et_pb_image src=&#8220;https:\/\/www.alarmautomatika.com\/wp-content\/uploads\/2024\/11\/Smart-Guard-Patrol-vizuallogo.jpg&#8220; alt=&#8220;ABsistemDC(NG)v2&#8243; title_text=&#8220;Smart-Guard-Patrol-vizual+logo&#8220; align=&#8220;center&#8220; _builder_version=&#8220;4.27.2&#8243; _module_preset=&#8220;default&#8220; width=&#8220;80%&#8220; global_colors_info=&#8220;{}&#8220;][\/et_pb_image][et_pb_text _builder_version=&#8220;4.27.2&#8243; _module_preset=&#8220;_initial&#8220; hover_enabled=&#8220;0&#8243; header_2_font_size_tablet=&#8220;&#8220; header_2_font_size_phone=&#8220;32px&#8220; header_2_font_size_last_edited=&#8220;on|phone&#8220; header_3_font_size_tablet=&#8220;&#8220; header_3_font_size_phone=&#8220;24px&#8220; header_3_font_size_last_edited=&#8220;on|phone&#8220; global_colors_info=&#8220;{}&#8220; sticky_enabled=&#8220;0&#8243;]<\/p>\n<blockquote>\n<h2>Prednosti nadzora obilaska putem Smart Guard Patrol softvera<\/h2>\n<\/blockquote>\n<blockquote>\n<h3>Efikasno upravljanje obilaskom u realnom vremenu<\/h3>\n<\/blockquote>\n<p>Rute obilaska i kontrolne ta\u010dke se defini\u0161u unapred, a o svakom odstupanju od procedure nadzorni centar biva upozoren. Softver mo\u017ee generisati izve\u0161taje ili rasporede obilazaka.<\/p>\n<blockquote>\n<h3>Napredna dvosmerna komunikacija nadzornog centra i osoba na terenu<\/h3>\n<\/blockquote>\n<ul>\n<li>Slanje slika, poruka i informacija sa terena u nadzorni centar.<\/li>\n<li>Slanje standardnih ili vanrednih poruka iz nadzornog centra pojedina\u010dno ili grupi osoba. Na primljene poruke svaki od \u010duvara mo\u017ee odgovoriti u istoj grupi \/ chatu.<\/li>\n<li>Hitno pozivanje interventnih timova na intervenciju putem hitne zvu\u010dno &#8211; tekstualne poruke. <\/li>\n<li>Offline na\u010din rada omogu\u0107ava da se u slu\u010daju problema na mre\u017ei podaci sinhronizuju po obnavljanju internetske veze.<\/li>\n<\/ul>\n<blockquote>\n<h3>Jednostavno izve\u0161tavanje<\/h3>\n<\/blockquote>\n<p>Detaljni izve\u0161taji o kretanju, incidentima i aktivnostima osoba u obilasku se jednostavno generi\u0161u,  jer se sve aktivnosti tokom obilaska automatski bele\u017ee, a izvoz u PDF format omogu\u0107ava lak\u0161e deljenje informacija i evidencija. <\/p>\n<p>[\/et_pb_text][et_pb_image src=&#8220;https:\/\/www.alarmautomatika.com\/wp-content\/uploads\/2024\/11\/Smart_Guard_Patrol_statistika_izvjestaji.jpg&#8220; alt=&#8220;ABsistemDC(NG)v2&#8243; title_text=&#8220;Smart_Guard_Patrol_statistika_izvjestaji&#8220; align=&#8220;center&#8220; _builder_version=&#8220;4.27.2&#8243; _module_preset=&#8220;default&#8220; global_colors_info=&#8220;{}&#8220;][\/et_pb_image][et_pb_text _builder_version=&#8220;4.27.2&#8243; _module_preset=&#8220;_initial&#8220; link_font=&#8220;|600|||||||&#8220; header_2_text_align=&#8220;left&#8220; header_2_font_size=&#8220;30px&#8220; header_2_line_height=&#8220;1.2em&#8220; header_font_size_tablet=&#8220;48px&#8220; header_font_size_phone=&#8220;&#8220; header_font_size_last_edited=&#8220;on|tablet&#8220; header_2_font_size_tablet=&#8220;&#8220; header_2_font_size_phone=&#8220;25px&#8220; header_2_font_size_last_edited=&#8220;on|phone&#8220; header_3_font_size_tablet=&#8220;&#8220; header_3_font_size_phone=&#8220;24px&#8220; header_3_font_size_last_edited=&#8220;on|phone&#8220; global_colors_info=&#8220;{}&#8220;]<\/p>\n<blockquote>\n<h3>Visok nivo sigurnosti, integriteta i dostupnosti podataka<\/h3>\n<\/blockquote>\n<p>Svi podaci koji se prenose su kriptovani u skladu sa va\u017ee\u0107im normama i propisima (GDPR i ISO 27001). Isti visok nivo sigurnosti primijenjen je i na arhiviranje podataka u oblaku.<\/p>\n<blockquote>\n<h3>Vi\u0161i nivo sigurnosti \u010duvara i drugih osoba na terenu<\/h3>\n<\/blockquote>\n<ul>\n<li>Brzo slanje SOS poziva jednostavnim prelaskom prsta preko ekrana (swipe) ili protresanjem mobilnog telefona (shake).<\/li>\n<li>\u201eMan down\u201c funkcija kojom se detektuje iznenadan pad \u010duvara. <\/li>\n<li>\u201eLone worker\u201c funkcije za automatsko upozorenje o problemima sa internetom zbog kojih \u010duvar nije dostupan ili ako se \u010duvar ne pomera 1 sat.<\/li>\n<\/ul>\n<blockquote>\n<h3>Jednostavan vi\u0161ejezi\u010dni korisni\u010dki interfejs<\/h3>\n<\/blockquote>\n<p>Interfejs je dizajniran za ve\u0107u efikasnost kori\u0161\u0107enja i navigaciju za sve \u010dlanove tima i  mo\u017ee se prilagoditi potrebama korisnika.<\/p>\n<p>[\/et_pb_text][et_pb_image src=&#8220;https:\/\/www.alarmautomatika.com\/wp-content\/uploads\/2024\/11\/google-play-badge_2024.jpg&#8220; alt=&#8220;ABsistemDC(NG)v2&#8243; title_text=&#8220;google-play-badge_2024&#8243; url=&#8220;https:\/\/play.google.com\/store\/apps\/details?id=com.alarmautomatika.smartGuardPatrol&amp;hl=hr&#8220; url_new_window=&#8220;on&#8220; align=&#8220;center&#8220; _builder_version=&#8220;4.27.2&#8243; _module_preset=&#8220;default&#8220; width=&#8220;30%&#8220; hover_enabled=&#8220;0&#8243; global_colors_info=&#8220;{}&#8220; sticky_enabled=&#8220;0&#8243;][\/et_pb_image][\/et_pb_column][et_pb_column type=&#8220;1_4&#8243; _builder_version=&#8220;4.16&#8243; _module_preset=&#8220;default&#8220; custom_padding_tablet=&#8220;&#8220; custom_padding_phone=&#8220;&#8220; custom_padding_last_edited=&#8220;on|phone&#8220; global_colors_info=&#8220;{}&#8220;][et_pb_image src=&#8220;https:\/\/www.alarmautomatika.com\/wp-content\/uploads\/2024\/11\/idea-classic-logo-home-banner.png&#8220; alt=&#8220;iDEA Classic&#8220; title_text=&#8220;iDEA Classic&#8220; align=&#8220;center&#8220; _builder_version=&#8220;4.16&#8243; _module_preset=&#8220;default&#8220; global_colors_info=&#8220;{}&#8220;][\/et_pb_image][et_pb_accordion module_class=&#8220;idea-value-propositions&#8220; _builder_version=&#8220;4.9.0&#8243; _module_preset=&#8220;default&#8220; global_module=&#8220;8295&#8243; global_colors_info=&#8220;{}&#8220;][et_pb_accordion_item title=&#8220;Blank&#8220; open=&#8220;on&#8220; _builder_version=&#8220;4.16&#8243; _module_preset=&#8220;default&#8220; custom_css_main_element=&#8220;display:none;&#8220; global_colors_info=&#8220;{}&#8220;][\/et_pb_accordion_item][et_pb_accordion_item title=&#8220;Klijenti&#8220; _builder_version=&#8220;4.16&#8243; _module_preset=&#8220;default&#8220; global_colors_info=&#8220;{}&#8220; open=&#8220;off&#8220;]<\/p>\n<p><a href=\"https:\/\/www.alarmautomatika.com\/sr\/klijenti\/instalateri-tehnicke-zastite\/\">Instalateri tehni\u010dke za\u0161tite<\/a><\/p>\n<p><a href=\"https:\/\/www.alarmautomatika.com\/sr\/klijenti\/dojavni-centri\/\">Dojavni centri<\/a><\/p>\n<p><a href=\"https:\/\/www.alarmautomatika.com\/sr\/klijenti\/elektricari\/\">Elektri\u010dari<\/a><\/p>\n<p><a href=\"https:\/\/www.alarmautomatika.com\/sr\/klijenti\/trgovine-elektromaterijalom-i-it-opremom-internet-trgovine\/\">Trgovine elektromaterijalom i IT opremom, internet trgovine<\/a><\/p>\n<p>[\/et_pb_accordion_item][et_pb_accordion_item title=&#8220;Proizvodi&#8220; _builder_version=&#8220;4.16&#8243; _module_preset=&#8220;default&#8220; global_colors_info=&#8220;{}&#8220; open=&#8220;off&#8220;]<\/p>\n<p><a href=\"https:\/\/www.alarmautomatika.com\/sr\/proizvodi\/videonadzor\/\">Videonadzor<\/a><\/p>\n<p><a href=\"https:\/\/www.alarmautomatika.com\/sr\/proizvodi\/protivprovala-i-protivprepad\/\">Protuprovala i protuprepad<\/a><\/p>\n<p><a href=\"https:\/\/www.alarmautomatika.com\/sr\/proizvodi\/videointerfoni\/\">Videointerfoni<\/a><\/p>\n<p><a href=\"https:\/\/www.alarmautomatika.com\/sr\/proizvodi\/kontrola-pristupa-i-evidencija-radnog-vremena\/\">Kontrola pristupa i evidencija radnog vremena<\/a><\/p>\n<p><a href=\"https:\/\/www.alarmautomatika.com\/sr\/proizvodi\/audio-resenja\/\">Audio rje\u0161enja<\/a><\/p>\n<p><a href=\"https:\/\/www.alarmautomatika.com\/proizvodi\/automatske-rampe-i-vrata\/\">Automatske rampe i vrata<\/a><\/p>\n<p><a href=\"https:\/\/www.alarmautomatika.com\/sr\/proizvodi\/oprema-za-dojavne-centre\/\">Oprema za dojavne centre<\/a><\/p>\n<p><a href=\"https:\/\/www.alarmautomatika.com\/sr\/proizvodi\/dojava-pozara-i-plina\/\">Dojava po\u017eara i plina<\/a><\/p>\n<p>[\/et_pb_accordion_item][et_pb_accordion_item title=&#8220;Softveri&#8220; _builder_version=&#8220;4.16&#8243; _module_preset=&#8220;default&#8220; global_colors_info=&#8220;{}&#8220; open=&#8220;off&#8220;]<\/p>\n<p><a href=\"https:\/\/www.alarmautomatika.com\/sr\/softveri\/prijem-i-obrada-alarma\/\">Prijem i obrada signala alarma<\/a><\/p>\n<p>[\/et_pb_accordion_item][et_pb_accordion_item title=&#8220;Usluge&#8220; _builder_version=&#8220;4.16&#8243; _module_preset=&#8220;default&#8220; global_colors_info=&#8220;{}&#8220; open=&#8220;off&#8220;]<\/p>\n<p><a href=\"https:\/\/www.alarmautomatika.com\/sr\/usluge\/sve-na-jednom-mestu\/#prodajna-i-tehnicka-podrska\" data-et-has-event-already=\"true\">Prodajna i tehni\u010dka podr\u0161ka<\/a><\/p>\n<p><a href=\"https:\/\/www.alarmautomatika.com\/sr\/usluge\/sve-na-jednom-mestu\/#oprema-na-skladistu\" data-et-has-event-already=\"true\">Oprema na skladi\u0161tu<\/a><\/p>\n<p><a href=\"https:\/\/www.alarmautomatika.com\/sr\/usluge\/sve-na-jednom-mestu\/#edukacija-instalatera\" data-et-has-event-already=\"true\">Edukacija instalatera<\/a><\/p>\n<p><a href=\"https:\/\/www.alarmautomatika.com\/sr\/usluge\/sve-na-jednom-mestu\/#b2b-online-platforma\" data-et-has-event-already=\"true\">B2B online platforma<\/a><\/p>\n<p><a href=\"https:\/\/www.alarmautomatika.com\/sr\/usluge\/sve-na-jednom-mestu\/#servis\" data-et-has-event-already=\"true\">Servis<\/a><\/p>\n<p><a href=\"https:\/\/www.alarmautomatika.com\/sr\/usluge\/sve-na-jednom-mestu\/#idea-classic-katalog\" data-et-has-event-already=\"true\">iDEA Classic katalog<\/a><\/p>\n<p>[\/et_pb_accordion_item][et_pb_accordion_item title=&#8220;Platforma&#8220; _builder_version=&#8220;4.16&#8243; _module_preset=&#8220;default&#8220; global_colors_info=&#8220;{}&#8220; open=&#8220;off&#8220;]<\/p>\n<p><a href=\"https:\/\/www.alarmautomatika.com\/sr\/platforma\/#b2b-platforma\" data-et-has-event-already=\"true\">Jedinstvena B2B platforma koja \u0161tedi vrijeme<\/a><\/p>\n<p>[\/et_pb_accordion_item][\/et_pb_accordion][\/et_pb_column][\/et_pb_row][\/et_pb_section]<\/p>\n","protected":false},"excerpt":{"rendered":"<p>O pouzdanosti obilaska zavisi u kojoj \u0107e meri za\u0161tita biti efikasna i uskla\u0111ena sa definisanim procedurama. Ne manje va\u017ena je i mogu\u0107nost dokazivanja krajnjem korisniku da je dogovorena procedura i sprovedena. Smart Guard Patrol mo\u017ee pove\u0107ati efikasnost rada u razli\u010ditim delatnostima, jer se na isti na\u010din mo\u017ee proveriti ta\u010dnost dolaska na bilo koju lokaciju i [&hellip;]<\/p>\n","protected":false},"author":14,"featured_media":0,"parent":0,"menu_order":0,"comment_status":"closed","ping_status":"closed","template":"","meta":{"_et_pb_use_builder":"on","_et_pb_old_content":"","_et_gb_content_width":"","footnotes":""},"class_list":["post-55800","page","type-page","status-publish","hentry"],"_links":{"self":[{"href":"https:\/\/www.alarmautomatika.com\/sr\/wp-json\/wp\/v2\/pages\/55800","targetHints":{"allow":["GET"]}}],"collection":[{"href":"https:\/\/www.alarmautomatika.com\/sr\/wp-json\/wp\/v2\/pages"}],"about":[{"href":"https:\/\/www.alarmautomatika.com\/sr\/wp-json\/wp\/v2\/types\/page"}],"author":[{"embeddable":true,"href":"https:\/\/www.alarmautomatika.com\/sr\/wp-json\/wp\/v2\/users\/14"}],"replies":[{"embeddable":true,"href":"https:\/\/www.alarmautomatika.com\/sr\/wp-json\/wp\/v2\/comments?post=55800"}],"version-history":[{"count":2,"href":"https:\/\/www.alarmautomatika.com\/sr\/wp-json\/wp\/v2\/pages\/55800\/revisions"}],"predecessor-version":[{"id":55802,"href":"https:\/\/www.alarmautomatika.com\/sr\/wp-json\/wp\/v2\/pages\/55800\/revisions\/55802"}],"wp:attachment":[{"href":"https:\/\/www.alarmautomatika.com\/sr\/wp-json\/wp\/v2\/media?parent=55800"}],"curies":[{"name":"wp","href":"https:\/\/api.w.org\/{rel}","templated":true}]}}