{"id":56493,"date":"2025-02-04T13:01:22","date_gmt":"2025-02-04T12:01:22","guid":{"rendered":"https:\/\/www.alarmautomatika.com\/sigurnost-u-skolama-i-javnim-ustanovama-kako-efikasno-da-zastititimo-decu-i-mlade\/"},"modified":"2025-02-06T09:09:56","modified_gmt":"2025-02-06T08:09:56","slug":"sigurnost-u-skolama-i-javnim-ustanovama-kako-efikasno-da-zastititimo-decu-i-mlade","status":"publish","type":"page","link":"https:\/\/www.alarmautomatika.com\/sr\/sigurnost-u-skolama-i-javnim-ustanovama-kako-efikasno-da-zastititimo-decu-i-mlade\/","title":{"rendered":"Sigurnost u \u0161kolama i javnim ustanovama: Kako efikasno da za\u0161tititimo decu i mlade"},"content":{"rendered":"<p>[et_pb_section fb_built=&#8220;1&#8243; _builder_version=&#8220;4.27.4&#8243; _module_preset=&#8220;default&#8220; global_colors_info=&#8220;{}&#8220;][et_pb_row _builder_version=&#8220;4.27.4&#8243; _module_preset=&#8220;default&#8220; global_colors_info=&#8220;{}&#8220;][et_pb_column type=&#8220;4_4&#8243; _builder_version=&#8220;4.27.4&#8243; _module_preset=&#8220;default&#8220; global_colors_info=&#8220;{}&#8220;][et_pb_text _builder_version=&#8220;4.27.4&#8243; _module_preset=&#8220;default&#8220; header_font_size_tablet=&#8220;&#8220; header_font_size_phone=&#8220;41px&#8220; header_font_size_last_edited=&#8220;on|phone&#8220; global_colors_info=&#8220;{}&#8220;]<\/p>\n<h1>Sigurnost u \u0161kolama i javnim ustanovama: Kako efikasno da za\u0161tititimo decu i mlade<\/h1>\n<p>[\/et_pb_text][et_pb_image src=&#8220;https:\/\/www.alarmautomatika.com\/wp-content\/uploads\/2025\/02\/2025-02_Sigurnost_u_skolama_full_HD.jpg&#8220; title_text=&#8220;2025-02_Sigurnost_u_skolama_full_HD&#8220; align=&#8220;center&#8220; _builder_version=&#8220;4.27.4&#8243; _module_preset=&#8220;default&#8220; width=&#8220;80%&#8220; global_colors_info=&#8220;{}&#8220;][\/et_pb_image][et_pb_text _builder_version=&#8220;4.27.4&#8243; _module_preset=&#8220;default&#8220; hover_enabled=&#8220;0&#8243; header_2_font_size_tablet=&#8220;&#8220; header_2_font_size_phone=&#8220;34px&#8220; header_2_font_size_last_edited=&#8220;on|phone&#8220; global_colors_info=&#8220;{}&#8220; sticky_enabled=&#8220;0&#8243;]<\/p>\n<blockquote>\n<h2>Pet re\u0161enja kontrole pristupa i pove\u0107anja stepena sigurnosti<\/h2>\n<\/blockquote>\n<p>Sigurnost u \u0161kolama i javnim ustanovama nikada nije bila va\u017enija. Nedavni tragi\u010dni doga\u0111aji u Srbiji, Hrvatskoj i Slova\u010dkoj pokazali su koliko je klju\u010dno da se obezbedi za\u0161tita najosetljivijih \u010dlanova dru\u0161tva \u2013 dece i mladih. Kao dru\u0161tveno odgovorna firma, Alarm Automatika je prepoznala potrebu za konkretnim i efikasnim re\u0161enjima koja \u0107e pobolj\u0161ati sigurnosne standarde u \u0161kolama, vrti\u0107ima i drugim javnim ustanovama. Na\u0161a misija nije samo tehni\u010dka, ve\u0107 i humanitarna \u2013 \u017eelimo da stvorimo sigurno okru\u017eenje u kojem \u0107e deca mo\u0107i da se nesmetano obrazuju, a da roditelji mogu da budu spokojni znaju\u0107i da su njihova deca za\u0161ti\u0107ena.<\/p>\n<p>U ovom \u010dlanku predstavljamo pet konkretnih na\u010dina za pobolj\u0161anje bezbednosti pomo\u0107u razli\u010ditih na\u010dina kontrole pristupa, koriste\u0107i najmodernije tehnologije koje su dostupne na tr\u017ei\u0161tu. Svako od ovih re\u0161enja mo\u017ee da se prilagodi specifi\u010dnim potrebama ustanova, bilo da se radi o malim vrti\u0107ima ili velikim \u0161kolskim kompleksima. Na\u0161 cilj je da pru\u017eimo jasne i prakti\u010dne smernice koje \u0107e pomo\u0107i u izboru najboljeg sigurnosnog sistema za va\u0161u ustanovu.[\/et_pb_text][et_pb_divider color=&#8220;#D7D7D7&#8243; divider_style=&#8220;dotted&#8220; _builder_version=&#8220;4.27.4&#8243; _module_preset=&#8220;default&#8220; global_colors_info=&#8220;{}&#8220;][\/et_pb_divider][et_pb_text _builder_version=&#8220;4.27.4&#8243; _module_preset=&#8220;default&#8220; global_colors_info=&#8220;{}&#8220;]<\/p>\n<blockquote>\n<h4><strong>1. Kontrola pristupa uz kori\u0161\u0107enje softvera sa bazom podataka (re\u0161enje inOUT)<\/strong><\/h4>\n<\/blockquote>\n<p>Ovo re\u0161enje koristi kontrolore i \u010dita\u010de za pra\u0107enje ulaza i izlaza. Kontrolori kao \u0161to su\u00a0<strong>IN-CC2<\/strong>\u00a0(za 2 vrata) i\u00a0<strong>IN-CC4<\/strong>\u00a0(za 4 vrata) omogu\u0107uju pra\u0107enje aktivnosti korisnika. \u010cita\u010di, kao \u0161to su\u00a0<strong>IN-WGRK1-EM<\/strong>\u00a0(sa tastaturom) i\u00a0<strong>IN-WGR1-EM<\/strong>\u00a0(bez tastature), omogu\u0107uju identifikaciju korisnika pomo\u0107u RFID kartica ili PIN-a.<\/p>\n<p><strong>Prednosti:<\/strong><\/p>\n<ul>\n<li>Besplatan softver za pra\u0107enje logova.<\/li>\n<li>Mogu\u0107nost generisanja izve\u0161taja o aktivnostima.<\/li>\n<li>Jednostavna integracija sa postoje\u0107im sistemima.<\/li>\n<\/ul>\n<p><strong>Primena:<\/strong>\u00a0Idealno za \u0161kole i ustanove u kojima je potrebno detaljno pratiti pristup.<\/p>\n<p>[\/et_pb_text][et_pb_image src=&#8220;https:\/\/www.alarmautomatika.com\/wp-content\/uploads\/2025\/02\/2025-01-31_Sigurnost_u_skolama_rjesenje_1.png&#8220; title_text=&#8220;2025-01-31_Sigurnost_u_\u0161kolama_rje\u0161enje_1&#8243; align=&#8220;center&#8220; _builder_version=&#8220;4.27.4&#8243; _module_preset=&#8220;default&#8220; width=&#8220;60%&#8220; global_colors_info=&#8220;{}&#8220;][\/et_pb_image][et_pb_divider color=&#8220;#D7D7D7&#8243; divider_style=&#8220;dotted&#8220; _builder_version=&#8220;4.27.4&#8243; _module_preset=&#8220;default&#8220; global_colors_info=&#8220;{}&#8220;][\/et_pb_divider][et_pb_text _builder_version=&#8220;4.27.4&#8243; _module_preset=&#8220;default&#8220; global_colors_info=&#8220;{}&#8220;]<\/p>\n<blockquote>\n<h4><strong>2. Kontrola pristupa s evidencijom radnog vremena (Jantar sistem)<\/strong><\/h4>\n<\/blockquote>\n<p>Ovo re\u0161enje kombinuje kontrolu pristupa s evidencijom radnog vremena zaposlenih. Proizvo\u0111a\u010d\u00a0<strong>Jantar<\/strong>\u00a0nudi sisteme koji su u potpunosti prilago\u0111eni hrvatskom zakonodavstvu.<\/p>\n<p><strong>Prednosti:<\/strong><\/p>\n<ul>\n<li>Mogu\u0107nost nadogradnje sistema sa terminalima za evidenciju radnog vremena.<\/li>\n<li>Softver prilago\u0111en lokalnim propisima.<\/li>\n<li>Brza implementacija.<\/li>\n<\/ul>\n<p><strong>Primena:<\/strong>\u00a0Idealno za \u0161kole i ustanove gde je potrebno da se prati radno vreme zaposlenih.<\/p>\n<p>[\/et_pb_text][et_pb_image src=&#8220;https:\/\/www.alarmautomatika.com\/wp-content\/uploads\/2025\/02\/2025-01-31_Sigurnost_u_skolama_rjesenje_3.png&#8220; title_text=&#8220;2025-01-31_Sigurnost_u_\u0161kolama_rje\u0161enje_3&#8243; align=&#8220;center&#8220; _builder_version=&#8220;4.27.4&#8243; _module_preset=&#8220;default&#8220; global_colors_info=&#8220;{}&#8220;][\/et_pb_image][et_pb_divider color=&#8220;#D7D7D7&#8243; divider_style=&#8220;dotted&#8220; _builder_version=&#8220;4.27.4&#8243; _module_preset=&#8220;default&#8220; global_colors_info=&#8220;{}&#8220;][\/et_pb_divider][et_pb_text _builder_version=&#8220;4.27.4&#8243; _module_preset=&#8220;default&#8220; global_colors_info=&#8220;{}&#8220;]<\/p>\n<blockquote>\n<h4><strong>3. Jednostavna kontrola pristupa kori\u0161\u0107enjem samostoje\u0107ih \u010dita\u010da<\/strong><\/h4>\n<\/blockquote>\n<p>Ovo re\u0161enje koristi samostoje\u0107e \u010dita\u010de bez baze logova. Iako je jednostavno i jeftino, ima odre\u0111ena ograni\u010denja.<\/p>\n<p><strong>Prednosti:<\/strong><\/p>\n<ul>\n<li>Niska cena i jednostavna instalacija.<\/li>\n<li>Mogu\u0107nost upravljanja izvr\u0161nim elementima (elektromagneti, rampe, itd.).<\/li>\n<\/ul>\n<p><strong>Nedostaci:<\/strong><\/p>\n<ul>\n<li>Nemogu\u0107nost jednostavnog brisanja izgubljenih kartica.<\/li>\n<li>Ograni\u010dena sigurnost u slu\u010daju vandalizma.<\/li>\n<li>Nemogu\u0107nost definisanja vremenskih ograni\u010denja pristupa.<\/li>\n<\/ul>\n<p><strong>Primena:<\/strong>\u00a0Pogodno za manje zahtevne objekte gde nije potrebno \u00a0da se detaljno evidentira pristup korisnika.<\/p>\n<p>[\/et_pb_text][et_pb_divider color=&#8220;#D7D7D7&#8243; divider_style=&#8220;dotted&#8220; _builder_version=&#8220;4.27.4&#8243; _module_preset=&#8220;default&#8220; global_colors_info=&#8220;{}&#8220;][\/et_pb_divider][et_pb_text _builder_version=&#8220;4.27.4&#8243; _module_preset=&#8220;default&#8220; global_colors_info=&#8220;{}&#8220;]<\/p>\n<blockquote>\n<h4><strong>4. Jednostavna kontrola pristupa uz kori\u0161\u0107enje mobilne aplikacije (Tuya)<\/strong><\/h4>\n<\/blockquote>\n<p>Ovo re\u0161enje koristi \u010dita\u010de koji mogu da se pove\u017eu \u00a0na mobilnu aplikaciju\u00a0<strong>Tuya<\/strong>. Omogu\u0107uje upravljanje korisnicima putem aplikacije.<\/p>\n<p><strong>Prednosti:<\/strong><\/p>\n<ul>\n<li>Mogu\u0107nost dodavanja do 500 korisnika.<\/li>\n<li>Administriranje pristupa pomo\u0107u aplikacije.<\/li>\n<li>Ograni\u010denje pristupa prema vremenu.<\/li>\n<\/ul>\n<p><strong>Primena:<\/strong>\u00a0Idealno za manje ustanove gde je potrebna jednostavna kontrola pristupa uz mogu\u0107nost daljinskog upravljanja.<\/p>\n<p>[\/et_pb_text][et_pb_divider color=&#8220;#D7D7D7&#8243; divider_style=&#8220;dotted&#8220; _builder_version=&#8220;4.27.4&#8243; _module_preset=&#8220;default&#8220; global_colors_info=&#8220;{}&#8220;][\/et_pb_divider][et_pb_text _builder_version=&#8220;4.27.4&#8243; _module_preset=&#8220;default&#8220; global_colors_info=&#8220;{}&#8220;]<\/p>\n<blockquote>\n<h4><strong>5. Integracija video interfona i CCTV sistema (DVC)<\/strong><\/h4>\n<\/blockquote>\n<p>DVC sistem povezuje video interfone i CCTV u jedinstvenu sigurnosnu platformu s upravljanjem pomo\u0107u mobilne aplikacije. Omogu\u0107uje pregled u\u017eivo, \u010duvanje snimaka i daljinsko otvaranje vrata uz naprepdno prepoznavanje lica i Wiegand protokol za povezivanje sa naprednim sistemima kontrole pristupa.<\/p>\n<p><strong>Prednosti:<\/strong><br \/>\u2022 Potpuna integracija videonadzora i kontrole pristupa.<br \/>\u2022 Napredne funkcije kao \u0161to je \u00a0prepoznavanja lica.<br \/>\u2022 Mogu\u0107nost daljinskog upravljanja i \u010duvanje snimaka.<\/p>\n<p><strong>Primena:<\/strong><br \/>Pogodno za \u0161kole i ustanove koje tra\u017ee sveobuhvatno sigurnosno re\u0161enje.<\/p>\n<p>[\/et_pb_text][et_pb_image src=&#8220;https:\/\/www.alarmautomatika.com\/wp-content\/uploads\/2025\/02\/2025-01-31_Sigurnost_u_skolama_rjesenje_6.jpg&#8220; title_text=&#8220;2025-01-31_Sigurnost_u_\u0161kolama_rje\u0161enje_6&#8243; align=&#8220;center&#8220; _builder_version=&#8220;4.27.4&#8243; _module_preset=&#8220;default&#8220; width=&#8220;60%&#8220; global_colors_info=&#8220;{}&#8220;][\/et_pb_image][et_pb_divider color=&#8220;#D7D7D7&#8243; divider_style=&#8220;dotted&#8220; _builder_version=&#8220;4.27.4&#8243; _module_preset=&#8220;default&#8220; global_colors_info=&#8220;{}&#8220;][\/et_pb_divider][et_pb_text _builder_version=&#8220;4.27.4&#8243; _module_preset=&#8220;default&#8220; global_colors_info=&#8220;{}&#8220;]<\/p>\n<blockquote>\n<h4><strong>Zaklju\u010dak<\/strong><\/h4>\n<\/blockquote>\n<p>Sigurnost u \u0161kolama i javnim ustanovama nije samo tehni\u010dki izazov, ve\u0107 i moralna obveza prema budu\u0107im generacijama. Kroz ovaj \u010dlanak predstavili smo pet razli\u010ditih na\u010dina za pobolj\u0161anje sigurnosti kroz kontrolu pristupa, svaki sa sopstvenim prednostima i primenom. Od jednostavnih samostoje\u0107ih \u010dita\u010da do naprednih sistema sa videointerfonom i mobilnim aplikacijama, svako re\u0161enje mo\u017ee zna\u010dajno da doprinese stvaranju sigurnijeg okru\u017eenja. Opisana re\u0161enja su u potpunosti uskla\u0111ena sa Protokolom o kontroli ulaska i izlaska u \u0161kolskim ustanovama Ministarstva prosvete, obrazovanja i mladih Republike Hrvatske i Preporukom za za\u0161titu \u0161kola Hrvatske komore bezbednosti, dokumentima izra\u0111enima u januaru 2025., nakon stra\u0161nog doga\u0111aja ubistva i ranjavanja u zagreba\u010dkoj osnovnoj \u0161koli.<\/p>\n<p>Klju\u010dna prednost nekih od ovih re\u0161enja jeste daljinsko upravljanje sistemom \u0161to pove\u0107ava fleksibilnost i brzinu reagovanja koja mo\u017ee da bude klju\u010dna, a svako re\u0161enje mo\u017ee da se prilagodi specifi\u010dnim potrebama ustanove, bilo da se radi o malim vrti\u0107ima ili velikim \u0161kolskim kompleksima.<\/p>\n<p>Implementacija ovih sistema nije samo tehni\u010dki korak, ve\u0107 i jasna poruka da sigurnost dece i osoblja stoji na prvom mestu.\u00a0<strong>Alarm automatika<\/strong>\u00a0stoji na raspolaganju za sve dodatne informacije, savete i implementaciju ovih re\u0161enja. Zajedno mo\u017eemo da stvorimo sigurno okru\u017eenje u kojem deca \u00a0\u0107e mo\u0107i da se \u00a0nesmetano razvijaju, a roditelji da budu spokojni znaju\u0107i da su njihova deca za\u0161ti\u0107ena.<\/p>\n<p>Sigurnost nije luksuz \u2013 to je obaveza prema budu\u0107nosti. Kontaktirajte nas danas kako bismo zajedno prona\u0161li najbolje re\u0161enje za va\u0161u ustanovu.<\/p>\n<p>[\/et_pb_text][\/et_pb_column][\/et_pb_row][\/et_pb_section]<\/p>\n","protected":false},"excerpt":{"rendered":"<p>Sigurnost u \u0161kolama i javnim ustanovama: Kako efikasno da za\u0161tititimo decu i mlade Pet re\u0161enja kontrole pristupa i pove\u0107anja stepena sigurnosti Sigurnost u \u0161kolama i javnim ustanovama nikada nije bila va\u017enija. Nedavni tragi\u010dni doga\u0111aji u Srbiji, Hrvatskoj i Slova\u010dkoj pokazali su koliko je klju\u010dno da se obezbedi za\u0161tita najosetljivijih \u010dlanova dru\u0161tva \u2013 dece i mladih. [&hellip;]<\/p>\n","protected":false},"author":14,"featured_media":0,"parent":0,"menu_order":0,"comment_status":"closed","ping_status":"closed","template":"","meta":{"_et_pb_use_builder":"on","_et_pb_old_content":"","_et_gb_content_width":"","footnotes":""},"class_list":["post-56493","page","type-page","status-publish","hentry"],"_links":{"self":[{"href":"https:\/\/www.alarmautomatika.com\/sr\/wp-json\/wp\/v2\/pages\/56493","targetHints":{"allow":["GET"]}}],"collection":[{"href":"https:\/\/www.alarmautomatika.com\/sr\/wp-json\/wp\/v2\/pages"}],"about":[{"href":"https:\/\/www.alarmautomatika.com\/sr\/wp-json\/wp\/v2\/types\/page"}],"author":[{"embeddable":true,"href":"https:\/\/www.alarmautomatika.com\/sr\/wp-json\/wp\/v2\/users\/14"}],"replies":[{"embeddable":true,"href":"https:\/\/www.alarmautomatika.com\/sr\/wp-json\/wp\/v2\/comments?post=56493"}],"version-history":[{"count":2,"href":"https:\/\/www.alarmautomatika.com\/sr\/wp-json\/wp\/v2\/pages\/56493\/revisions"}],"predecessor-version":[{"id":56518,"href":"https:\/\/www.alarmautomatika.com\/sr\/wp-json\/wp\/v2\/pages\/56493\/revisions\/56518"}],"wp:attachment":[{"href":"https:\/\/www.alarmautomatika.com\/sr\/wp-json\/wp\/v2\/media?parent=56493"}],"curies":[{"name":"wp","href":"https:\/\/api.w.org\/{rel}","templated":true}]}}