{"id":56620,"date":"2025-02-27T10:35:20","date_gmt":"2025-02-27T09:35:20","guid":{"rendered":"https:\/\/www.alarmautomatika.com\/?page_id=56620"},"modified":"2025-02-27T10:51:52","modified_gmt":"2025-02-27T09:51:52","slug":"seminar-projektovanje-sistema-zastite-u-garazama","status":"publish","type":"page","link":"https:\/\/www.alarmautomatika.com\/sr\/seminar-projektovanje-sistema-zastite-u-garazama\/","title":{"rendered":"Seminar Projektovanje sistema za\u0161tite u gara\u017eama"},"content":{"rendered":"<p>[et_pb_section fb_built=&#8220;1&#8243; _builder_version=&#8220;4.27.4&#8243; _module_preset=&#8220;default&#8220; global_colors_info=&#8220;{}&#8220;][et_pb_row _builder_version=&#8220;4.27.4&#8243; _module_preset=&#8220;_initial&#8220; global_colors_info=&#8220;{}&#8220;][et_pb_column type=&#8220;4_4&#8243; _builder_version=&#8220;4.27.4&#8243; _module_preset=&#8220;default&#8220; global_colors_info=&#8220;{}&#8220;][et_pb_text _builder_version=&#8220;4.27.4&#8243; _module_preset=&#8220;_initial&#8220; hover_enabled=&#8220;0&#8243; global_colors_info=&#8220;{}&#8220; header_font_size_last_edited=&#8220;on|phone&#8220; sticky_enabled=&#8220;0&#8243; header_font_size_phone=&#8220;40px&#8220;]<\/p>\n<blockquote>\n<h1>Seminar Projektovanje sistema za\u0161tite u gara\u017eama<\/h1>\n<\/blockquote>\n<p>[\/et_pb_text][et_pb_image src=&#8220;https:\/\/www.alarmautomatika.com\/wp-content\/uploads\/2025\/02\/2025-01-30_HKIE_Seminari_ZastitaGaraze_HederImage_RS.jpg&#8220; title_text=&#8220;2025-01-30_HKIE_Seminari_ZastitaGaraze_HederImage_RS&#8220; align=&#8220;center&#8220; _builder_version=&#8220;4.27.4&#8243; _module_preset=&#8220;default&#8220; global_colors_info=&#8220;{}&#8220;][\/et_pb_image][et_pb_text _builder_version=&#8220;4.27.4&#8243; _module_preset=&#8220;_initial&#8220; global_colors_info=&#8220;{}&#8220;]<\/p>\n<p>Gara\u017ee su prostori pove\u0107anog rizika za ljude koji se njima kre\u0107u i treba da se preduzme niz mera kojima se \u0161titi \u017eivot i zdravlje. U tu svrhu se koristi niz tehni\u010dkih sistema, prvenstveno safety sistema kao \u0161to su dojava po\u017eara i gasa, odvo\u0111enje dima i toplote, evakuacijski razglasi, sigurnosna rasveta i ventilacija, koji moraju da budu projektovani i izvedeni na na\u010din da se osigura njihovo me\u0111udejstvo.<\/p>\n<p>Seminarom <strong>Projektovanje sistema za\u0161tite u gara\u017eama<\/strong> bi\u0107e obuhva\u0107eni razni aspekti projektovanja i primene safety sistema u gara\u017eama. Osim toga, bi\u0107e obuhva\u0107ena i problematika sistema detekcije i signalizacije slobodnih parking mesta kao i integracije kontrole pristupa (rampe na ulazu) sa videonadzorom i naplatom parkinga koji se u gara\u017eama uobi\u010dajeno koriste.<\/p>\n<p>[\/et_pb_text][et_pb_button button_url=&#8220;https:\/\/forms.office.com\/e\/DNHktA6kjW&#8220; url_new_window=&#8220;on&#8220; button_text=&#8220;Online prijava&#8220; button_alignment=&#8220;center&#8220; disabled_on=&#8220;off|off|off&#8220; _builder_version=&#8220;4.27.4&#8243; _module_preset=&#8220;default&#8220; custom_button=&#8220;on&#8220; button_text_size=&#8220;14px&#8220; button_font=&#8220;|600|||||||&#8220; button_use_icon=&#8220;off&#8220; custom_padding=&#8220;14px|53px|14px|53px|true|true&#8220; global_colors_info=&#8220;{}&#8220;][\/et_pb_button][et_pb_text _builder_version=&#8220;4.27.4&#8243; _module_preset=&#8220;_initial&#8220; global_colors_info=&#8220;{}&#8220;]<\/p>\n<blockquote>\n<h4>Kome je seminar namenjen?<\/h4>\n<\/blockquote>\n<p>Seminar je namenjen prvenstveno ovla\u0161\u0107enim elektro projektantima, ali i svim ostalim u\u010desnicima procesa projektovanja i gradnje.[\/et_pb_text][et_pb_text _builder_version=&#8220;4.27.4&#8243; _module_preset=&#8220;_initial&#8220; global_colors_info=&#8220;{}&#8220;]<\/p>\n<blockquote>\n<h4>Izdavanje uverenja za u\u010destvovanje na seminaru<\/h4>\n<\/blockquote>\n<p>U\u010desnici mogu da zatra\u017ee u prijavnici uverenje za u\u010destvovanje na seminaru i ono \u0107e biti poslato u roku od 30 dana od dana njegovog odr\u017eavanja.<\/p>\n<p>[\/et_pb_text][et_pb_text _builder_version=&#8220;4.27.4&#8243; _module_preset=&#8220;_initial&#8220; global_colors_info=&#8220;{}&#8220;]<\/p>\n<blockquote>\n<h4>Kada i gde se seminar odr\u017eava?<\/h4>\n<\/blockquote>\n<p>Seminar \u0107e se odr\u017eati <strong>3.4.2025.<\/strong> u <a href=\"https:\/\/www.falkensteiner.com\/sr\/hotel-belgrade\" target=\"_blank\" rel=\"noopener\">Hotelu Falkensteiner<\/a>, Bulevar Mihajla Pupina 10k, Novi Beograd.<\/p>\n<p>[\/et_pb_text][et_pb_text _builder_version=&#8220;4.27.4&#8243; _module_preset=&#8220;_initial&#8220; global_colors_info=&#8220;{}&#8220;]<\/p>\n<blockquote>\n<h4>Kotizacija:<\/h4>\n<\/blockquote>\n<p>Kotizacija se ne napla\u0107uje.<\/p>\n<p>[\/et_pb_text][et_pb_text _builder_version=&#8220;4.27.4&#8243; _module_preset=&#8220;_initial&#8220; global_colors_info=&#8220;{}&#8220;]<\/p>\n<blockquote>\n<h4>Do kada i kako se prijaviti?<\/h4>\n<\/blockquote>\n<p>U\u010destvovanje na seminaru mo\u017ee da se prijavi najkasnije tri dana pre njegovog odr\u017eavanja pomo\u0107u <a href=\"https:\/\/forms.office.com\/e\/DNHktA6kjW\" target=\"_blank\" rel=\"noopener\"><strong>online prijave<\/strong><\/a>.<\/p>\n<p>[\/et_pb_text][et_pb_button button_url=&#8220;https:\/\/forms.office.com\/e\/DNHktA6kjW&#8220; url_new_window=&#8220;on&#8220; button_text=&#8220;Online prijava&#8220; button_alignment=&#8220;center&#8220; disabled_on=&#8220;off|off|off&#8220; _builder_version=&#8220;4.27.4&#8243; _module_preset=&#8220;default&#8220; custom_button=&#8220;on&#8220; button_text_size=&#8220;14px&#8220; button_font=&#8220;|600|||||||&#8220; button_use_icon=&#8220;off&#8220; custom_padding=&#8220;14px|53px|14px|53px|true|true&#8220; global_colors_info=&#8220;{}&#8220;][\/et_pb_button][et_pb_text _builder_version=&#8220;4.27.4&#8243; _module_preset=&#8220;_initial&#8220; global_colors_info=&#8220;{}&#8220;]<\/p>\n<blockquote>\n<h4>Kako unapred da se postave pitanja?<\/h4>\n<\/blockquote>\n<p>U prijavnici je predvi\u0111en prostor za postavljanje pitanja predava\u010dima unapred.<\/p>\n<p>[\/et_pb_text][et_pb_text _builder_version=&#8220;4.27.4&#8243; _module_preset=&#8220;_initial&#8220; global_colors_info=&#8220;{}&#8220;]<\/p>\n<blockquote>\n<h4>\u0160to sadr\u017ee materijali?<\/h4>\n<\/blockquote>\n<p>U\u010desnicima \u0107e posle seminara biti poslata power point predavanja i dodatni materijali.<\/p>\n<p>[\/et_pb_text][et_pb_text _builder_version=&#8220;4.27.4&#8243; _module_preset=&#8220;_initial&#8220; global_colors_info=&#8220;{}&#8220;]<\/p>\n<blockquote>\n<h4>Dnevni raspored: <\/h4>\n<\/blockquote>\n<p>[\/et_pb_text][et_pb_code _builder_version=&#8220;4.27.4&#8243; _module_preset=&#8220;default&#8220; global_colors_info=&#8220;{}&#8220;]<\/p>\n<style><!-- [et_pb_line_break_holder] -->#customers td, #customers th {<!-- [et_pb_line_break_holder] -->  border: 1px solid #ddd;<!-- [et_pb_line_break_holder] -->  padding: 10px;<!-- [et_pb_line_break_holder] -->}<!-- [et_pb_line_break_holder] --><!-- [et_pb_line_break_holder] -->#customers tr:nth-child(even) {<!-- [et_pb_line_break_holder] -->  background-color: #f2f2f2;<!-- [et_pb_line_break_holder] -->}<!-- [et_pb_line_break_holder] -->  <!-- [et_pb_line_break_holder] -->#customers tr:hover {<!-- [et_pb_line_break_holder] -->  background-color: #ddd;<!-- [et_pb_line_break_holder] -->}<!-- [et_pb_line_break_holder] -->  <!-- [et_pb_line_break_holder] -->.text-nowrap {<!-- [et_pb_line_break_holder] -->  white-space: nowrap;<!-- [et_pb_line_break_holder] -->}<!-- [et_pb_line_break_holder] --><\/style>\n<p><!-- [et_pb_line_break_holder] --><!-- [et_pb_line_break_holder] --><\/p>\n<table id=\"customers\"><!-- [et_pb_line_break_holder] --> <\/p>\n<tr><!-- [et_pb_line_break_holder] -->    <\/p>\n<td>Registracija u\u010desnika uz osve\u017eenje<\/td>\n<p><!-- [et_pb_line_break_holder] -->    <\/p>\n<td class=\"text-nowrap\">10:30 \u2013 11:00<\/td>\n<p><!-- [et_pb_line_break_holder] -->  <\/tr>\n<p><!-- [et_pb_line_break_holder] --><!-- [et_pb_line_break_holder] --> <\/p>\n<tr><!-- [et_pb_line_break_holder] -->    <\/p>\n<td>Zakonska regulativa vezana za projektovanje za\u0161tite u gara\u017eama<\/td>\n<p><!-- [et_pb_line_break_holder] -->    <\/p>\n<td class=\"text-nowrap\">11:00 \u2013 11:45<\/td>\n<p><!-- [et_pb_line_break_holder] -->  <\/tr>\n<p><!-- [et_pb_line_break_holder] --><!-- [et_pb_line_break_holder] --> <\/p>\n<tr><!-- [et_pb_line_break_holder] -->    <\/p>\n<td>Detekcija gasa u gara\u017eama i njeno me\u0111udejstvo sa sistemima ventilacije i sigurne evakuacije 1. deo<\/td>\n<p><!-- [et_pb_line_break_holder] -->    <\/p>\n<td class=\"text-nowrap\">11:45 \u2013 12:30<\/td>\n<p><!-- [et_pb_line_break_holder] -->  <\/tr>\n<p><!-- [et_pb_line_break_holder] --><!-- [et_pb_line_break_holder] --> <\/p>\n<tr><!-- [et_pb_line_break_holder] -->    <\/p>\n<td>Pauza<\/td>\n<p><!-- [et_pb_line_break_holder] -->    <\/p>\n<td class=\"text-nowrap\">12:30 \u2013 13:00<\/td>\n<p><!-- [et_pb_line_break_holder] -->  <\/tr>\n<p><!-- [et_pb_line_break_holder] --><!-- [et_pb_line_break_holder] --> <\/p>\n<tr><!-- [et_pb_line_break_holder] -->    <\/p>\n<td>Detekcija  gasa u gara\u017eama i njeno me\u0111udejstvo sa sistemima ventilacije i sigurne evakuacije 2. deo<\/td>\n<p><!-- [et_pb_line_break_holder] -->    <\/p>\n<td class=\"text-nowrap\">13:00 \u2013 13:30<\/td>\n<p><!-- [et_pb_line_break_holder] -->  <\/tr>\n<p><!-- [et_pb_line_break_holder] --><!-- [et_pb_line_break_holder] --> <\/p>\n<tr><!-- [et_pb_line_break_holder] -->    <\/p>\n<td>Upravljanje tehni\u010dkim sistemima u gara\u017eama<\/td>\n<p><!-- [et_pb_line_break_holder] -->    <\/p>\n<td class=\"text-nowrap\">13:30 \u2013 14:15<\/td>\n<p><!-- [et_pb_line_break_holder] -->  <\/tr>\n<p><!-- [et_pb_line_break_holder] --><!-- [et_pb_line_break_holder] --> <\/p>\n<tr><!-- [et_pb_line_break_holder] -->    <\/p>\n<td>Pitanja i odgovori<\/td>\n<p><!-- [et_pb_line_break_holder] -->    <\/p>\n<td class=\"text-nowrap\">14:15 \u2013 14:30<\/td>\n<p><!-- [et_pb_line_break_holder] -->  <\/tr>\n<p><!-- [et_pb_line_break_holder] --><!-- [et_pb_line_break_holder] --> <\/p>\n<tr><!-- [et_pb_line_break_holder] -->    <\/p>\n<td>Ru\u010dak<\/td>\n<p><!-- [et_pb_line_break_holder] -->    <\/p>\n<td class=\"text-nowrap\">14:30<\/td>\n<p><!-- [et_pb_line_break_holder] -->  <\/tr>\n<p><!-- [et_pb_line_break_holder] --><\/table>\n<p>[\/et_pb_code][et_pb_text _builder_version=&#8220;4.27.4&#8243; _module_preset=&#8220;_initial&#8220; global_colors_info=&#8220;{}&#8220;]<\/p>\n<blockquote>\n<h3>Teme seminara<\/h3>\n<\/blockquote>\n<blockquote>\n<h4>Zakonska regulativa vezana za projektovanje za\u0161tite u gara\u017eama <\/h4>\n<\/blockquote>\n<p>Propisi kojima se reguli\u0161e za\u0161tita u gara\u017eama. Norme koje se uobi\u010dajeno primenjuju. Zahtevi oko evakuacije i sigurnosnih prostora u gradjevini nasuprot kontroli pristupa. Obaveze tokom eksploatacije sistema za\u0161tite u gara\u017eama.<\/p>\n<p>[\/et_pb_text][et_pb_text _builder_version=&#8220;4.27.4&#8243; _module_preset=&#8220;_initial&#8220; global_colors_info=&#8220;{}&#8220;]<\/p>\n<blockquote>\n<h4>Detekcija gasa u gara\u017eama i njeno me\u0111udejstvo sa sistemima ventilacije i sigurne evakuacije<\/h4>\n<\/blockquote>\n<p>Za\u0161tita od po\u017eara u gara\u017eama. Detekcija gasa \u2013 neizostavan sistem za\u0161tite u gara\u017eama. Me\u0111udejstvo sistema detekcije gasova sa sistemima ventilacije i sistemima koji obezbedjuju sigurnu evakuaciju ljudi u incidentnim situacijama (EVAC, odvo\u0111enje dima i toplote, sigurnosna rasveta). Evakuacijski putevi. Primer projekta detekcije gasova u gara\u017eama. <\/p>\n<p>[\/et_pb_text][et_pb_text _builder_version=&#8220;4.27.4&#8243; _module_preset=&#8220;_initial&#8220; global_colors_info=&#8220;{}&#8220;]<\/p>\n<blockquote>\n<h4>Upravljanje tehni\u010dkim sistemima u gara\u017eama<\/h4>\n<\/blockquote>\n<p>Sistem detekcije i signalizacije slobodnih parkirng mesta \u2013 UZV detektori ili parking kamere. Softver za nadzor. Kontrola ulaza vozila u gara\u017ee. Integracije kontrole pristupa (rampe na ulazu) sa videonadzorom i naplatom parkinga. Primeri projekata.<\/p>\n<p>[\/et_pb_text][et_pb_text _builder_version=&#8220;4.27.4&#8243; _module_preset=&#8220;_initial&#8220; global_colors_info=&#8220;{}&#8220;]<\/p>\n<div>\n<blockquote>\n<h3>Predava\u010di<\/h3>\n<\/blockquote>\n<\/div>\n<p>[\/et_pb_text][et_pb_team_member name=&#8220;Ranko \u010cop, mag. ing. el.&#8220; image_url=&#8220;https:\/\/www.alarmautomatika.com\/wp-content\/uploads\/2024\/02\/Ranko_Cop_320x229.webp&#8220; _builder_version=&#8220;4.27.4&#8243; _module_preset=&#8220;default&#8220; global_colors_info=&#8220;{}&#8220;]<\/p>\n<p>Posle studiranja stekao je iskustvo u razli\u010ditim podru\u010dijima elektrotehnike. Takodje, je stekao niz stru\u010dnih ovla\u0161\u0107enja. U Alarm automatici radi kao rukovodilac projektnog sektora, a odgovoran je za projektovanje sigurnosnih sistema za velike i kriti\u010dne infrastrukturne projekte. Upravlja in\u017eenjerskim sektorom koji razvija re\u0161enja, projektuje i pru\u017ea podr\u0161ku firmama Alarm automatike u 11 zemalja regije.<\/p>\n<p><strong><a href=\"mailto:ranko@alarmautomatika.com\">ranko@alarmautomatika.com<\/a><\/strong><\/p>\n<p>[\/et_pb_team_member][et_pb_team_member name=&#8220;Vedran Mihaljevi\u0107, ing. el., Alarm automatika Split&#8220; image_url=&#8220;https:\/\/www.alarmautomatika.com\/wp-content\/uploads\/2022\/09\/vedran-mihaljevic.png&#8220; _builder_version=&#8220;4.27.4&#8243; _module_preset=&#8220;default&#8220; global_colors_info=&#8220;{}&#8220;]<\/p>\n<p>Do 2019. je radio u vi\u0161e firmi na poslovima servisera, tehni\u010dara, projektanta i rukovodioca projekata na podru\u010dju tehni\u010dke za\u0161tite i samostalno obavlja poslove vezane za projektovanje i izvo\u0111enje nisko i visokonaponskih elektri\u010dnih instalacija, IP\/TCP mre\u017enih sistema i sistema tehni\u010dke za\u0161tite. Od 2019. radi u Alarm automatici na poslovima rukovodioca in\u017eenjeringa za safety sisteme.<\/p>\n<p><strong><a href=\"mailto:vedranm@alarmautomatika.com\">vedranm@alarmautomatika.com<\/a><\/strong><\/p>\n<p>[\/et_pb_team_member][et_pb_team_member name=&#8220;Velimir Drakuli\u0107, ing. el, Alarm automatika Rijeka&#8220; image_url=&#8220;https:\/\/www.alarmautomatika.com\/wp-content\/uploads\/2023\/02\/Velimir_Drakulic.png&#8220; _builder_version=&#8220;4.27.4&#8243; _module_preset=&#8220;default&#8220; global_colors_info=&#8220;{}&#8220;]<\/p>\n<p>Posle zavr\u0161enih studija elektrotehnike, radi na poslovima odr\u017eavanja i programiranja elektronskog nadzora raznih tehni\u010dkih sistema, zatim programiranjem i tehni\u010dkom podr\u0161kom za sisteme tehni\u010dke za\u0161tite, kao i pra\u0107enjem, programiranjem i odr\u017eavanjem brodske merne opreme. U Alarm automatiku se vra\u0107a 2021. i radi na poslovima rukovodioca in\u017eenjeringa za security sisteme.<\/p>\n<p><strong><a href=\"mailto:velimir@alarmautomatika.com\">velimir@alarmautomatika.com<\/a><\/strong><\/p>\n<p>[\/et_pb_team_member][et_pb_text _builder_version=&#8220;4.27.4&#8243; _module_preset=&#8220;_initial&#8220; global_colors_info=&#8220;{}&#8220;]<\/p>\n<div>\n<blockquote>\n<h4>Od koga mogu da se dobiju dodatne informacije?<\/h4>\n<\/blockquote>\n<p><strong>Strahinja Lazovi\u0107<\/strong><br \/>Tel. 069 349 91 57<br \/><strong>E-mail:<\/strong> <a href=\"mailto:strahinja.lazovic@alarmautomatika.com\"><strong>strahinja.lazovic@alarmautomatika.com<\/strong><\/a><\/p>\n<p><strong>Danko Beli\u0107<\/strong><br \/>Tel. 064 6503142<br \/><strong>E-mail:<\/strong> <a href=\"mailto:danko@alarmautomatika.com\"><strong>danko@alarmautomatika.com<\/strong><\/a><\/p>\n<\/div>\n<p>[\/et_pb_text][et_pb_text _builder_version=&#8220;4.27.4&#8243; _module_preset=&#8220;_initial&#8220; global_colors_info=&#8220;{}&#8220;]<\/p>\n<div>\n<blockquote>\n<h4>Vezani materijali<\/h4>\n<\/blockquote>\n<\/div>\n<p>[\/et_pb_text][et_pb_code _builder_version=&#8220;4.27.4&#8243; _module_preset=&#8220;default&#8220; global_colors_info=&#8220;{}&#8220;]<\/p>\n<style><!-- [et_pb_line_break_holder] -->#customers td, #customers th {<!-- [et_pb_line_break_holder] -->  border: 1px solid #ddd;<!-- [et_pb_line_break_holder] -->  padding: 10px;<!-- [et_pb_line_break_holder] -->}<!-- [et_pb_line_break_holder] --><!-- [et_pb_line_break_holder] -->#customers tr:nth-child(even) {<!-- [et_pb_line_break_holder] -->  background-color: #f2f2f2;<!-- [et_pb_line_break_holder] -->}<!-- [et_pb_line_break_holder] -->  <!-- [et_pb_line_break_holder] -->#customers tr:hover {<!-- [et_pb_line_break_holder] -->  background-color: #ddd;<!-- [et_pb_line_break_holder] -->}<!-- [et_pb_line_break_holder] -->  <!-- [et_pb_line_break_holder] -->.text-nowrap {<!-- [et_pb_line_break_holder] -->  white-space: nowrap;<!-- [et_pb_line_break_holder] -->}<!-- [et_pb_line_break_holder] --><\/style>\n<p><!-- [et_pb_line_break_holder] --><!-- [et_pb_line_break_holder] --><\/p>\n<table id=\"customers\"><!-- [et_pb_line_break_holder] --><\/p>\n<tr><!-- [et_pb_line_break_holder] --><\/p>\n<td><center><a href=\"https:\/\/drive.google.com\/file\/d\/1_T31Rvj1EiBfgeBUgt4PxrYxgiV-FzXf\/view\" target=\"_blank\" rel=\"noopener\"><strong>Projektna re\u0161enja Alarm automatike<\/strong><\/a><\/center><\/td>\n<p><!-- [et_pb_line_break_holder] --><!-- [et_pb_line_break_holder] --><\/p>\n<td><center><a href=\"https:\/\/drive.google.com\/file\/d\/1h-O-uQ6n4f2CNbPZDYAm8E6hL1k99kod\/view\" target=\"_blank\" rel=\"noopener\"><strong>Integrisana safety re\u0161enja<\/strong><\/a><\/center><\/td>\n<p><!-- [et_pb_line_break_holder] --><\/tr>\n<p><!-- [et_pb_line_break_holder] --><\/p>\n<tr><!-- [et_pb_line_break_holder] --><\/p>\n<td><center><a href=\"https:\/\/www.alarmautomatika.com\/hr\/projektiranje-integriranog-rjesenja-zastite-od-pozara\/\" target=\"_blank\" rel=\"noopener\"><strong>Priru\u010dnik za projektovanje integrisanih sistema za za\u0161titu od po\u017eara<\/strong><\/a><\/center><\/td>\n<p><!-- [et_pb_line_break_holder] --><!-- [et_pb_line_break_holder] --><\/p>\n<td><center><a href=\"https:\/\/www.alarmautomatika.com\/sr\/softveri\/nadzor-i-upravljanje-zastitnim-sistemima\/\" target=\"_blank\" rel=\"noopener\"><strong>ABSistemDCi integracija<\/strong><\/a><\/center><\/td>\n<p><!-- [et_pb_line_break_holder] --><\/tr>\n<p><!-- [et_pb_line_break_holder] --><!-- [et_pb_line_break_holder] --><\/p>\n<tr><!-- [et_pb_line_break_holder] --><\/p>\n<td><center><a href=\"https:\/\/drive.google.com\/file\/d\/1rEw8odBaiF3PhS64NAjLC9p-t19uZXFF\/view\" target=\"_blank\" rel=\"noopener\"><strong>Specijalisti\u010dke softverske integracije<\/strong><\/a><\/center><\/td>\n<p><!-- [et_pb_line_break_holder] --><\/tr>\n<p><!-- [et_pb_line_break_holder] --><!-- [et_pb_line_break_holder] --><\/tbody>\n<p><!-- [et_pb_line_break_holder] --><\/table>\n<p>[\/et_pb_code][et_pb_image src=&#8220;https:\/\/www.alarmautomatika.com\/wp-content\/uploads\/2025\/02\/2025-01-30_HKIE_Seminari_Zastita_Garaze_Logotipi.jpg&#8220; title_text=&#8220;2025-01-30_HKIE_Seminari_Zastita_Garaze_Logotipi&#8220; align=&#8220;center&#8220; _builder_version=&#8220;4.27.4&#8243; _module_preset=&#8220;default&#8220; global_colors_info=&#8220;{}&#8220;][\/et_pb_image][et_pb_divider color=&#8220;#D7D7D7&#8243; divider_style=&#8220;dotted&#8220; _builder_version=&#8220;4.27.4&#8243; _module_preset=&#8220;default&#8220; global_colors_info=&#8220;{}&#8220;][\/et_pb_divider][et_pb_text _builder_version=&#8220;4.27.4&#8243; _module_preset=&#8220;_initial&#8220; global_colors_info=&#8220;{}&#8220;]<\/p>\n<div>\n<blockquote>\n<h3>Organizator seminara<\/h3>\n<\/blockquote>\n<\/div>\n<div>\n<p><strong><img loading=\"lazy\" decoding=\"async\" class=\"wp-image-22105 alignleft\" src=\"https:\/\/www.alarmautomatika.com\/wp-content\/uploads\/2021\/08\/AA_HR_logo.png\" alt=\"Alarm automatika d.o.o.\" width=\"368\" height=\"119\" srcset=\"https:\/\/www.alarmautomatika.com\/wp-content\/uploads\/2021\/08\/AA_HR_logo.png 390w, https:\/\/www.alarmautomatika.com\/wp-content\/uploads\/2021\/08\/AA_HR_logo-300x97.png 300w\" sizes=\"(max-width: 368px) 100vw, 368px\" \/><\/strong><br \/>\n<strong>Alarm automatika d.o.o.<\/strong> je regionalni lider u industriji tehni\u010dke za\u0161ite sa vi\u0161e od 35 godina iskustva i poslovanjem razvijenim u 11 zemalja regije. Zadnjih godina firma intenzivno razvija svoje projektno poslovanje \u2013 nabavku, isporuku, projektovanje i podr\u0161ku pri pu\u0161tanju u rad safety i security sistema. Firma u Beogradu je osnovana 2006. godine od kada je razvila saradnju sa brojnim klijentima i implementirala veliki broj projekata u security i safety segmentu.<\/p>\n<\/div>\n<p>[\/et_pb_text][et_pb_image src=&#8220;https:\/\/www.alarmautomatika.com\/wp-content\/uploads\/2022\/05\/dobavljaci_update_1.jpg&#8220; align=&#8220;center&#8220; _builder_version=&#8220;4.27.4&#8243; _module_preset=&#8220;default&#8220; global_colors_info=&#8220;{}&#8220;][\/et_pb_image][et_pb_video src=&#8220;https:\/\/youtu.be\/SHnkE67Wsz0&#8243; _builder_version=&#8220;4.27.4&#8243; _module_preset=&#8220;default&#8220; global_colors_info=&#8220;{}&#8220;][\/et_pb_video][\/et_pb_column][\/et_pb_row][\/et_pb_section]<\/p>\n","protected":false},"excerpt":{"rendered":"<p>Seminar Projektovanje sistema za\u0161tite u gara\u017eama Gara\u017ee su prostori pove\u0107anog rizika za ljude koji se njima kre\u0107u i treba da se preduzme niz mera kojima se \u0161titi \u017eivot i zdravlje. U tu svrhu se koristi niz tehni\u010dkih sistema, prvenstveno safety sistema kao \u0161to su dojava po\u017eara i gasa, odvo\u0111enje dima i toplote, evakuacijski razglasi, sigurnosna [&hellip;]<\/p>\n","protected":false},"author":14,"featured_media":0,"parent":0,"menu_order":0,"comment_status":"closed","ping_status":"closed","template":"","meta":{"_et_pb_use_builder":"on","_et_pb_old_content":"","_et_gb_content_width":"","footnotes":""},"class_list":["post-56620","page","type-page","status-publish","hentry"],"_links":{"self":[{"href":"https:\/\/www.alarmautomatika.com\/sr\/wp-json\/wp\/v2\/pages\/56620","targetHints":{"allow":["GET"]}}],"collection":[{"href":"https:\/\/www.alarmautomatika.com\/sr\/wp-json\/wp\/v2\/pages"}],"about":[{"href":"https:\/\/www.alarmautomatika.com\/sr\/wp-json\/wp\/v2\/types\/page"}],"author":[{"embeddable":true,"href":"https:\/\/www.alarmautomatika.com\/sr\/wp-json\/wp\/v2\/users\/14"}],"replies":[{"embeddable":true,"href":"https:\/\/www.alarmautomatika.com\/sr\/wp-json\/wp\/v2\/comments?post=56620"}],"version-history":[{"count":2,"href":"https:\/\/www.alarmautomatika.com\/sr\/wp-json\/wp\/v2\/pages\/56620\/revisions"}],"predecessor-version":[{"id":56642,"href":"https:\/\/www.alarmautomatika.com\/sr\/wp-json\/wp\/v2\/pages\/56620\/revisions\/56642"}],"wp:attachment":[{"href":"https:\/\/www.alarmautomatika.com\/sr\/wp-json\/wp\/v2\/media?parent=56620"}],"curies":[{"name":"wp","href":"https:\/\/api.w.org\/{rel}","templated":true}]}}