{"id":59855,"date":"2026-04-28T08:43:36","date_gmt":"2026-04-28T06:43:36","guid":{"rendered":"https:\/\/www.alarmautomatika.com\/idea-solution-jedinstven-i-celovit-pametni-nadzor\/"},"modified":"2026-04-28T10:44:58","modified_gmt":"2026-04-28T08:44:58","slug":"idea-solution-jedinstven-i-celovit-pametni-nadzor","status":"publish","type":"page","link":"https:\/\/www.alarmautomatika.com\/sr\/idea-solution-jedinstven-i-celovit-pametni-nadzor\/","title":{"rendered":"iDEA Solution &#8211; jedinstven i celovit pametni nadzor"},"content":{"rendered":"<p>[et_pb_section fb_built=&#8220;1&#8243; _builder_version=&#8220;4.27.6&#8243; _module_preset=&#8220;default&#8220; background_image=&#8220;https:\/\/www.alarmautomatika.com\/wp-content\/uploads\/2020\/09\/idea-rjesenja.jpg&#8220; background_size=&#8220;initial&#8220; background_position=&#8220;top_center&#8220; global_colors_info=&#8220;{}&#8220;][et_pb_row _builder_version=&#8220;4.16&#8243; _module_preset=&#8220;default&#8220; width=&#8220;95%&#8220; global_colors_info=&#8220;{}&#8220;][et_pb_column type=&#8220;4_4&#8243; _builder_version=&#8220;4.16&#8243; _module_preset=&#8220;default&#8220; global_colors_info=&#8220;{}&#8220;][et_pb_text _builder_version=&#8220;4.16&#8243; _dynamic_attributes=&#8220;content&#8220; _module_preset=&#8220;default&#8220; text_font=&#8220;|600|||||||&#8220; text_text_color=&#8220;#ffffff&#8220; text_font_size=&#8220;48px&#8220; text_line_height=&#8220;1.2em&#8220; header_font=&#8220;||||||||&#8220; custom_padding=&#8220;80px|50px||50px|false|true&#8220; text_font_size_tablet=&#8220;40px&#8220; text_font_size_phone=&#8220;32px&#8220; text_font_size_last_edited=&#8220;on|desktop&#8220; text_line_height_tablet=&#8220;&#8220; text_line_height_phone=&#8220;&#8220; text_line_height_last_edited=&#8220;on|phone&#8220; header_font_tablet=&#8220;&#8220; header_font_phone=&#8220;&#8220; header_font_last_edited=&#8220;on|phone&#8220; header_font_size_tablet=&#8220;&#8220; header_font_size_phone=&#8220;&#8220; header_font_size_last_edited=&#8220;on|phone&#8220; header_line_height_tablet=&#8220;&#8220; header_line_height_phone=&#8220;&#8220; header_line_height_last_edited=&#8220;on|desktop&#8220; global_colors_info=&#8220;{}&#8220;]@ET-DC@eyJkeW5hbWljIjp0cnVlLCJjb250ZW50IjoicG9zdF90aXRsZSIsInNldHRpbmdzIjp7ImJlZm9yZSI6IiIsImFmdGVyIjoiIn19@[\/et_pb_text][\/et_pb_column][\/et_pb_row][et_pb_row _builder_version=&#8220;4.16&#8243; _module_preset=&#8220;default&#8220; background_color=&#8220;#ffffff&#8220; width=&#8220;95%&#8220; custom_margin=&#8220;20px||||false|false&#8220; custom_margin_tablet=&#8220;10px||||false|false&#8220; custom_margin_phone=&#8220;10px||||false|false&#8220; custom_margin_last_edited=&#8220;on|desktop&#8220; custom_padding=&#8220;50px|50px|50px|50px|true|true&#8220; box_shadow_style=&#8220;preset2&#8243; global_colors_info=&#8220;{}&#8220;][et_pb_column type=&#8220;4_4&#8243; _builder_version=&#8220;4.16&#8243; _module_preset=&#8220;default&#8220; global_colors_info=&#8220;{}&#8220;][et_pb_toggle title=&#8220;Klijenti&#8220; icon_color=&#8220;#33A44D&#8220; toggle_icon=&#8220;&#x22;||divi||400&#8243; open_icon_color=&#8220;#33A44D&#8220; open_toggle_icon=&#8220;&#x21;||divi||400&#8243; _builder_version=&#8220;4.27.6&#8243; _module_preset=&#8220;default&#8220; hover_enabled=&#8220;0&#8243; global_colors_info=&#8220;{}&#8220; sticky_enabled=&#8220;0&#8243;]<\/p>\n<ul>\n<li><a href=\"https:\/\/www.alarmautomatika.com\/sr\/klijenti\/banke-i-finansijske-institucije\/\">Banke i finansijske institucije<\/a><\/li>\n<li><a href=\"https:\/\/www.alarmautomatika.com\/sr\/klijenti\/hoteli\/\">Hoteli<\/a><\/li>\n<li><a href=\"https:\/\/www.alarmautomatika.com\/sr\/klijenti\/trgovacki-centri\/\">Trgova\u010dki centri<\/a><\/li>\n<li><a href=\"https:\/\/www.alarmautomatika.com\/sr\/klijenti\/javni-i-poslovni-objekti\/\">Javni i poslovni objekti<\/a><\/li>\n<li><a href=\"https:\/\/www.alarmautomatika.com\/sr\/klijenti\/industrija-i-kriticna-infrastruktura\/\">Industrija i kriti\u010dna infrastruktura<\/a><\/li>\n<li><a href=\"https:\/\/www.alarmautomatika.com\/sr\/klijenti\/javne-povrsine-i-prostori\/\">Javne povr\u0161ine i prostori<\/a><\/li>\n<\/ul>\n<p>[\/et_pb_toggle][et_pb_toggle title=&#8220;Proizvodi&#8220; icon_color=&#8220;#33A44D&#8220; toggle_icon=&#8220;&#x22;||divi||400&#8243; open_icon_color=&#8220;#33A44D&#8220; open_toggle_icon=&#8220;&#x21;||divi||400&#8243; _builder_version=&#8220;4.27.6&#8243; _module_preset=&#8220;default&#8220; hover_enabled=&#8220;0&#8243; global_colors_info=&#8220;{}&#8220; sticky_enabled=&#8220;0&#8243;]<\/p>\n<ul>\n<li><a href=\"https:\/\/www.alarmautomatika.com\/sr\/proizvodi\/videoanalitika-i-vestacka-inteligencija\/\">Videoanalitika i ve\u0161ta\u010dka inteligencija<\/a><\/li>\n<li><a href=\"https:\/\/www.alarmautomatika.com\/sr\/proizvodi\/termovizija-i-zastita-perimetra\/\">Termovizija i za\u0161tita perimetra<\/a><\/li>\n<li><a href=\"https:\/\/www.alarmautomatika.com\/sr\/proizvodi\/napredni-sistemi-kontrole-pristupa\/\">Napredni sistemi kontrole pristupa<\/a><\/li>\n<li><a href=\"https:\/\/www.alarmautomatika.com\/sr\/proizvodi\/inteligentno-upravljanje-saobracajem-i-parkingom\/\">Inteligentno upravljanje saobra\u0107ajem i parkingom<\/a><\/li>\n<li><a href=\"https:\/\/www.alarmautomatika.com\/sr\/proizvodi\/bms-i-upravljanje-sistemima-na-objektu\/\">BMS i upravljanje sistemima na objektu<\/a><\/li>\n<li><a href=\"https:\/\/www.alarmautomatika.com\/sr\/antiteroristicke-barijere-za-vozila\/\">Antiteroristi\u010dke barijere za vozila<\/a><\/li>\n<\/ul>\n<p>[\/et_pb_toggle][et_pb_toggle title=&#8220;Usluge&#8220; icon_color=&#8220;#33A44D&#8220; toggle_icon=&#8220;&#x22;||divi||400&#8243; open_icon_color=&#8220;#33A44D&#8220; open_toggle_icon=&#8220;&#x21;||divi||400&#8243; _builder_version=&#8220;4.27.6&#8243; _module_preset=&#8220;default&#8220; hover_enabled=&#8220;0&#8243; global_colors_info=&#8220;{}&#8220; sticky_enabled=&#8220;0&#8243;]<\/p>\n<ul>\n<li><a href=\"https:\/\/www.alarmautomatika.com\/sr\/usluge\/strucne-usluge-za-slozene-projekte\/#projektiranje\">Projektovanje<\/a><\/li>\n<li><a href=\"https:\/\/www.alarmautomatika.com\/sr\/usluge\/strucne-usluge-za-slozene-projekte\/#prosudba-ugrozenosti-i-elaborat-mjera-sigurnosti\">Procena rizika i elaborat mera sigurnosti<\/a><\/li>\n<li><a href=\"https:\/\/www.alarmautomatika.com\/sr\/usluge\/strucne-usluge-za-slozene-projekte\/#konzalting\">Konsalting<\/a><\/li>\n<li><a href=\"https:\/\/www.alarmautomatika.com\/sr\/usluge\/strucne-usluge-za-slozene-projekte\/#nadzor-nad-izvodjenjem\">Nadzor nad izvo\u0111enjem<\/a><\/li>\n<li><a href=\"https:\/\/www.alarmautomatika.com\/sr\/usluge\/strucne-usluge-za-slozene-projekte\/#koordinacija-i-vodjenje-projekata\">Koordinacija i vo\u0111enje projekata<\/a><\/li>\n<li><a href=\"https:\/\/www.alarmautomatika.com\/sr\/usluge\/strucne-usluge-za-slozene-projekte\/#softverska-integracija\">Softverska integr<\/a><\/li>\n<\/ul>\n<p>[\/et_pb_toggle][et_pb_toggle title=&#8220;Softveri&#8220; icon_color=&#8220;#33A44D&#8220; toggle_icon=&#8220;&#x22;||divi||400&#8243; open_icon_color=&#8220;#33A44D&#8220; open_toggle_icon=&#8220;&#x21;||divi||400&#8243; _builder_version=&#8220;4.27.6&#8243; _module_preset=&#8220;default&#8220; hover_enabled=&#8220;0&#8243; global_colors_info=&#8220;{}&#8220; sticky_enabled=&#8220;0&#8243;]<\/p>\n<ul>\n<li><a href=\"https:\/\/www.alarmautomatika.com\/sr\/softveri\/inteligentno-upravljanje-i-kontrola\/#izdavanje-ulaznica\">Izdavanje ulaznica<\/a><\/li>\n<li><a href=\"https:\/\/www.alarmautomatika.com\/sr\/softveri\/inteligentno-upravljanje-i-kontrola\/#brojanje-ljudi\">Brojanje ljudi<\/a><\/li>\n<li><a href=\"https:\/\/www.alarmautomatika.com\/sr\/softveri\/inteligentno-upravljanje-i-kontrola\/#parking-rjesenja\">Parking re\u0161enja<\/a><\/li>\n<li><a href=\"https:\/\/www.alarmautomatika.com\/sr\/softveri\/inteligentno-upravljanje-i-kontrola\/#upravljanje-posjetiteljima\">Upravljanje posetiteljima<\/a><\/li>\n<li><a href=\"https:\/\/www.alarmautomatika.com\/sr\/softveri\/inteligentno-upravljanje-i-kontrola\/#nadzor-na-pretovarnim-stanicama\">Nadzor na pretovarnim stanicama<\/a><\/li>\n<\/ul>\n<p>[\/et_pb_toggle][et_pb_toggle title=&#8220;Platforma&#8220; icon_color=&#8220;#33A44D&#8220; toggle_icon=&#8220;&#x22;||divi||400&#8243; open_icon_color=&#8220;#33A44D&#8220; open_toggle_icon=&#8220;&#x21;||divi||400&#8243; _builder_version=&#8220;4.27.6&#8243; _module_preset=&#8220;default&#8220; hover_enabled=&#8220;0&#8243; global_colors_info=&#8220;{}&#8220; sticky_enabled=&#8220;0&#8243;]<\/p>\n<ul>\n<li><a href=\"https:\/\/www.alarmautomatika.com\/sr\/platforma\/#razmjena-znanja\">Platforma za razmenu znanja sudionika procesa gra\u0111enja<\/a><\/li>\n<\/ul>\n<p>[\/et_pb_toggle][\/et_pb_column][\/et_pb_row][\/et_pb_section]<\/p>\n","protected":false},"excerpt":{"rendered":"<p>Banke i finansijske institucije Hoteli Trgova\u010dki centri Javni i poslovni objekti Industrija i kriti\u010dna infrastruktura Javne povr\u0161ine i prostori Videoanalitika i ve\u0161ta\u010dka inteligencija Termovizija i za\u0161tita perimetra Napredni sistemi kontrole pristupa Inteligentno upravljanje saobra\u0107ajem i parkingom BMS i upravljanje sistemima na objektu Antiteroristi\u010dke barijere za vozila Projektovanje Procena rizika i elaborat mera sigurnosti Konsalting Nadzor [&hellip;]<\/p>\n","protected":false},"author":15,"featured_media":0,"parent":0,"menu_order":0,"comment_status":"closed","ping_status":"closed","template":"","meta":{"_et_pb_use_builder":"on","_et_pb_old_content":"","_et_gb_content_width":"","footnotes":""},"class_list":["post-59855","page","type-page","status-publish","hentry"],"_links":{"self":[{"href":"https:\/\/www.alarmautomatika.com\/sr\/wp-json\/wp\/v2\/pages\/59855","targetHints":{"allow":["GET"]}}],"collection":[{"href":"https:\/\/www.alarmautomatika.com\/sr\/wp-json\/wp\/v2\/pages"}],"about":[{"href":"https:\/\/www.alarmautomatika.com\/sr\/wp-json\/wp\/v2\/types\/page"}],"author":[{"embeddable":true,"href":"https:\/\/www.alarmautomatika.com\/sr\/wp-json\/wp\/v2\/users\/15"}],"replies":[{"embeddable":true,"href":"https:\/\/www.alarmautomatika.com\/sr\/wp-json\/wp\/v2\/comments?post=59855"}],"version-history":[{"count":2,"href":"https:\/\/www.alarmautomatika.com\/sr\/wp-json\/wp\/v2\/pages\/59855\/revisions"}],"predecessor-version":[{"id":59860,"href":"https:\/\/www.alarmautomatika.com\/sr\/wp-json\/wp\/v2\/pages\/59855\/revisions\/59860"}],"wp:attachment":[{"href":"https:\/\/www.alarmautomatika.com\/sr\/wp-json\/wp\/v2\/media?parent=59855"}],"curies":[{"name":"wp","href":"https:\/\/api.w.org\/{rel}","templated":true}]}}