{"id":7872,"date":"2020-10-26T15:24:17","date_gmt":"2020-10-26T14:24:17","guid":{"rendered":"https:\/\/www.alarmautomatika.com\/edukacija\/"},"modified":"2022-02-03T10:19:01","modified_gmt":"2022-02-03T09:19:01","slug":"edukacija","status":"publish","type":"page","link":"https:\/\/www.alarmautomatika.com\/sr\/edukacija\/","title":{"rendered":"Edukacija za rad sa sistemima i softverima"},"content":{"rendered":"<p>[et_pb_section fb_built=&#8220;1&#8243; _builder_version=&#8220;4.6.6&#8243; _module_preset=&#8220;default&#8220; background_image=&#8220;https:\/\/www.alarmautomatika.com\/wp-content\/uploads\/2020\/10\/edukacija.jpg&#8220; background_size=&#8220;initial&#8220; background_position=&#8220;top_center&#8220;][et_pb_row _builder_version=&#8220;4.6.0&#8243; _module_preset=&#8220;default&#8220; width=&#8220;95%&#8220;][et_pb_column type=&#8220;4_4&#8243; _builder_version=&#8220;4.6.0&#8243; _module_preset=&#8220;default&#8220;][et_pb_text _builder_version=&#8220;4.6.0&#8243; _dynamic_attributes=&#8220;content&#8220; _module_preset=&#8220;default&#8220; text_font=&#8220;|600|||||||&#8220; text_text_color=&#8220;#ffffff&#8220; text_font_size=&#8220;48px&#8220; text_line_height=&#8220;1.2em&#8220; custom_padding=&#8220;80px|50px||50px|false|true&#8220; text_font_size_tablet=&#8220;40px&#8220; text_font_size_phone=&#8220;32px&#8220; text_font_size_last_edited=&#8220;on|desktop&#8220; text_line_height_tablet=&#8220;&#8220; text_line_height_phone=&#8220;&#8220; text_line_height_last_edited=&#8220;on|phone&#8220; header_font_tablet=&#8220;&#8220; header_font_phone=&#8220;&#8220; header_font_last_edited=&#8220;on|phone&#8220; header_font_size_tablet=&#8220;&#8220; header_font_size_phone=&#8220;&#8220; header_font_size_last_edited=&#8220;on|phone&#8220; header_line_height_tablet=&#8220;&#8220; header_line_height_phone=&#8220;&#8220; header_line_height_last_edited=&#8220;on|desktop&#8220;]@ET-DC@eyJkeW5hbWljIjp0cnVlLCJjb250ZW50IjoicG9zdF90aXRsZSIsInNldHRpbmdzIjp7ImJlZm9yZSI6IiIsImFmdGVyIjoiIn19@[\/et_pb_text][\/et_pb_column][\/et_pb_row][et_pb_row _builder_version=&#8220;4.6.0&#8243; _module_preset=&#8220;default&#8220; background_color=&#8220;#ffffff&#8220; width=&#8220;95%&#8220; custom_margin=&#8220;20px||||false|false&#8220; custom_margin_tablet=&#8220;10px||||false|false&#8220; custom_margin_phone=&#8220;10px||||false|false&#8220; custom_margin_last_edited=&#8220;on|desktop&#8220; custom_padding=&#8220;50px|50px|50px|50px|true|true&#8220; box_shadow_style=&#8220;preset2&#8243;][et_pb_column type=&#8220;4_4&#8243; _builder_version=&#8220;4.6.0&#8243; _module_preset=&#8220;default&#8220;][et_pb_text _builder_version=&#8220;4.6.6&#8243; _module_preset=&#8220;default&#8220; header_2_text_align=&#8220;left&#8220; header_2_font_size=&#8220;30px&#8220; header_2_line_height=&#8220;1.2em&#8220; header_font_size_tablet=&#8220;48px&#8220; header_font_size_phone=&#8220;&#8220; header_font_size_last_edited=&#8220;on|tablet&#8220; header_2_font_size_tablet=&#8220;&#8220; header_2_font_size_phone=&#8220;25px&#8220; header_2_font_size_last_edited=&#8220;on|phone&#8220;]<\/p>\n<p>Za svoje kupce i partnere Alarm automatika redovno organizuje edukacije za rad sa sistemima tehni\u010dke za\u0161tite u ponudi. Glavna svrha im je podizanje kvaliteta usluge pru\u017eene krajnjim korisnicima. U na\u010delu, edukacije su vezane za pojedinog proizvo\u0111a\u010da opreme (DVC, Inim, Ajax, DSC, Jantar itd.) i prilago\u0111ene poslovima kojima se polaznici bave (instalateri tehni\u010dke za\u0161tite, operateri za\u0161titnih dojavnih centara, elektro instalateri).<\/p>\n<h2>Oblici rada i broj polaznika<\/h2>\n<p>Oblici rada prilago\u0111eni su zahtevima polaznika i usmereni na prakti\u010dan rad sa pojedinim ure\u0111ajima,\u00a0 sistemima i softverima. Prete\u017eno su radioni\u010dkog tipa pod \u010dime se podrazumeva da polaznici nakon uvodnog izlaganja voditelja samostalno rade sa ure\u0111ajima i softverima i odmah mogu sami da ih spajaju, programiraju ili pode\u0161avaju. Da bi svaki polaznik mogao samostalno da radi na konkretnoj opremi, broj polaznika je ograni\u010den na osam osoba.<\/p>\n<h2>Prijave<\/h2>\n<p>Sprovo\u0111enje programa organizuje se kada se prijavi dovoljan broj polaznika. Bilo kada tokom godine \u00a0mo\u017ee da se iska\u017ee interes za nekom edukacijom putem e-maila upu\u0107enog osobi sa kojom u Alarm automatici i ina\u010de kontaktirate. Sledi povratna informacija o prvom slede\u0107em terminu u kojem se realizuje konkretni program. Redosled primljenih prijava ujedno je i redosled popunjavanja mesta na radionicama.<\/p>\n<h2>Uverenja<\/h2>\n<p>Nakon uspe\u0161nog poha\u0111anja programa polaznici dobijaju Uverenje o poha\u0111anju.<\/p>\n<p>[\/et_pb_text][\/et_pb_column][\/et_pb_row][\/et_pb_section]<\/p>\n","protected":false},"excerpt":{"rendered":"<p>Za svoje kupce i partnere Alarm automatika redovno organizuje edukacije za rad sa sistemima tehni\u010dke za\u0161tite u ponudi. Glavna svrha im je podizanje kvaliteta usluge pru\u017eene krajnjim korisnicima. U na\u010delu, edukacije su vezane za pojedinog proizvo\u0111a\u010da opreme (DVC, Inim, Ajax, DSC, Jantar itd.) i prilago\u0111ene poslovima kojima se polaznici bave (instalateri tehni\u010dke za\u0161tite, operateri za\u0161titnih [&hellip;]<\/p>\n","protected":false},"author":15,"featured_media":0,"parent":0,"menu_order":0,"comment_status":"closed","ping_status":"closed","template":"","meta":{"_et_pb_use_builder":"on","_et_pb_old_content":"","_et_gb_content_width":"","footnotes":""},"class_list":["post-7872","page","type-page","status-publish","hentry"],"_links":{"self":[{"href":"https:\/\/www.alarmautomatika.com\/sr\/wp-json\/wp\/v2\/pages\/7872","targetHints":{"allow":["GET"]}}],"collection":[{"href":"https:\/\/www.alarmautomatika.com\/sr\/wp-json\/wp\/v2\/pages"}],"about":[{"href":"https:\/\/www.alarmautomatika.com\/sr\/wp-json\/wp\/v2\/types\/page"}],"author":[{"embeddable":true,"href":"https:\/\/www.alarmautomatika.com\/sr\/wp-json\/wp\/v2\/users\/15"}],"replies":[{"embeddable":true,"href":"https:\/\/www.alarmautomatika.com\/sr\/wp-json\/wp\/v2\/comments?post=7872"}],"version-history":[{"count":0,"href":"https:\/\/www.alarmautomatika.com\/sr\/wp-json\/wp\/v2\/pages\/7872\/revisions"}],"wp:attachment":[{"href":"https:\/\/www.alarmautomatika.com\/sr\/wp-json\/wp\/v2\/media?parent=7872"}],"curies":[{"name":"wp","href":"https:\/\/api.w.org\/{rel}","templated":true}]}}